{"id":29160,"date":"2024-03-11T22:43:24","date_gmt":"2024-03-11T21:43:24","guid":{"rendered":"https:\/\/www.promotio.sk\/shop\/nezaraden\u00e9\/celtic\/"},"modified":"2024-03-12T08:20:36","modified_gmt":"2024-03-12T07:20:36","slug":"celtic","status":"publish","type":"product","link":"https:\/\/www.promotio.sk\/de\/shop\/promo-clothing\/wint_sp\/sh_pant\/celtic\/","title":{"rendered":"KELTISCH"},"content":{"rendered":"<p>Multisport-Bermuda mit zwei Stoffen und Innenslip. Elastischer Hosenbund mit kontrastfarbenem Innenkordelzug. Seiten- und Beinabschluss aus atmungsaktivem Stoff. Zwei Seitentaschen. Asymmetrische Seitenschlitze am Saum.<br \/>Zusammensetzung: Hauptstoff: 100% Mikrofaser-Polyester, 100 g\/m\u00b2.<br \/>\nEins\u00e4tze: 100% mikroperforiertes Polyester, 145 g\/m\u00b2.<br \/>Bemerkungen: * Abnehmbares Etikett.<br \/>\n* In Kindergr\u00f6\u00dfen erh\u00e4ltlich.<\/p>","protected":false},"excerpt":{"rendered":"<p>Multisports bermuda with two fabrics and inner slip. Elastic waistband with contrasting inner drawcord. Side and inner leg band in<\/p>","protected":false},"featured_media":29161,"comment_status":"open","ping_status":"closed","template":"","meta":[],"product_cat":[548,533],"product_tag":[],"class_list":{"0":"post-29160","1":"product","2":"type-product","3":"status-publish","4":"has-post-thumbnail","6":"product_cat-sh_pant","7":"product_cat-wint_sp","9":"first","10":"instock","11":"shipping-taxable","12":"purchasable","13":"product-type-variable"},"_links":{"self":[{"href":"https:\/\/www.promotio.sk\/de\/wp-json\/wp\/v2\/product\/29160","targetHints":{"allow":["GET"]}}],"collection":[{"href":"https:\/\/www.promotio.sk\/de\/wp-json\/wp\/v2\/product"}],"about":[{"href":"https:\/\/www.promotio.sk\/de\/wp-json\/wp\/v2\/types\/product"}],"replies":[{"embeddable":true,"href":"https:\/\/www.promotio.sk\/de\/wp-json\/wp\/v2\/comments?post=29160"}],"wp:featuredmedia":[{"embeddable":true,"href":"https:\/\/www.promotio.sk\/de\/wp-json\/wp\/v2\/media\/29161"}],"wp:attachment":[{"href":"https:\/\/www.promotio.sk\/de\/wp-json\/wp\/v2\/media?parent=29160"}],"wp:term":[{"taxonomy":"product_cat","embeddable":true,"href":"https:\/\/www.promotio.sk\/de\/wp-json\/wp\/v2\/product_cat?post=29160"},{"taxonomy":"product_tag","embeddable":true,"href":"https:\/\/www.promotio.sk\/de\/wp-json\/wp\/v2\/product_tag?post=29160"}],"curies":[{"name":"wp","href":"https:\/\/api.w.org\/{rel}","templated":true}]}}