{"id":29130,"date":"2024-03-11T22:40:58","date_gmt":"2024-03-11T21:40:58","guid":{"rendered":"https:\/\/www.promotio.sk\/shop\/nezaraden\u00e9\/spiro\/"},"modified":"2024-03-12T08:20:50","modified_gmt":"2024-03-12T07:20:50","slug":"spiro","status":"publish","type":"product","link":"https:\/\/www.promotio.sk\/de\/shop\/promo-clothing\/wint_sp\/sh_pant\/spiro\/","title":{"rendered":"SPIRO"},"content":{"rendered":"<p>Sportshorts mit elastischem Bund und verstellbarem Kordelzug. Simulierter Rei\u00dfverschluss. Seitentaschen, Ges\u00e4\u00dftasche und gerollter Saum an den Beinenden mit Sicherheitsn\u00e4hten.<br \/>Zusammensetzung: 60% Baumwolle \/ 40% Polyester, nicht geb\u00fcrstetes Vlies, 290 g\/m\u00b2.<br \/>\nGrau meliert 58: 85% Baumwolle \/ 15% Viskose.<br \/>\n<br \/>Anmerkungen: *Abnehmbares Etikett.<br \/><img decoding=\"async\" src=\"https:\/\/static.gorfactory.es\/pics\/measures\/BE0449.jpg\"><\/p>","protected":false},"excerpt":{"rendered":"<p>Sports shorts with elastic waistband and adjustable drawcord. Simulated zipper. Side pockets, back pocket and rolled hem on bottom legs<\/p>","protected":false},"featured_media":29131,"comment_status":"open","ping_status":"closed","template":"","meta":[],"product_cat":[548,533],"product_tag":[],"class_list":{"0":"post-29130","1":"product","2":"type-product","3":"status-publish","4":"has-post-thumbnail","6":"product_cat-sh_pant","7":"product_cat-wint_sp","9":"first","10":"instock","11":"shipping-taxable","12":"purchasable","13":"product-type-variable"},"_links":{"self":[{"href":"https:\/\/www.promotio.sk\/de\/wp-json\/wp\/v2\/product\/29130","targetHints":{"allow":["GET"]}}],"collection":[{"href":"https:\/\/www.promotio.sk\/de\/wp-json\/wp\/v2\/product"}],"about":[{"href":"https:\/\/www.promotio.sk\/de\/wp-json\/wp\/v2\/types\/product"}],"replies":[{"embeddable":true,"href":"https:\/\/www.promotio.sk\/de\/wp-json\/wp\/v2\/comments?post=29130"}],"wp:featuredmedia":[{"embeddable":true,"href":"https:\/\/www.promotio.sk\/de\/wp-json\/wp\/v2\/media\/29131"}],"wp:attachment":[{"href":"https:\/\/www.promotio.sk\/de\/wp-json\/wp\/v2\/media?parent=29130"}],"wp:term":[{"taxonomy":"product_cat","embeddable":true,"href":"https:\/\/www.promotio.sk\/de\/wp-json\/wp\/v2\/product_cat?post=29130"},{"taxonomy":"product_tag","embeddable":true,"href":"https:\/\/www.promotio.sk\/de\/wp-json\/wp\/v2\/product_tag?post=29130"}],"curies":[{"name":"wp","href":"https:\/\/api.w.org\/{rel}","templated":true}]}}