{"id":28880,"date":"2024-03-11T21:58:57","date_gmt":"2024-03-11T20:58:57","guid":{"rendered":"https:\/\/www.promotio.sk\/shop\/nezaraden\u00e9\/better\/"},"modified":"2024-03-12T08:27:08","modified_gmt":"2024-03-12T07:27:08","slug":"better","status":"publish","type":"product","link":"https:\/\/www.promotio.sk\/de\/shop\/promo-clothing\/wint_sp\/leggins\/better\/","title":{"rendered":"BESSER"},"content":{"rendered":"<p>Bequemes Thermo-Kleidungsst\u00fcck. Technischer, elastischer und leicht zu waschender Stoff. Bund und Beinabschluss aus verst\u00e4rktem Gummi.<br \/>Zusammensetzung: 92% Polyamid \/ 8% Elastan, 240 g\/m\u00b2.<br \/>Bemerkungen: *Auch in Kindergr\u00f6\u00dfen erh\u00e4ltlich.<br \/>\n*Atmungsaktiver Stoff.<br \/>\n*UV-Schutzfaktor je nach Farbe.<\/p>","protected":false},"excerpt":{"rendered":"<p>Comfortable thermal garment. Technical, elastic and easy to wash fabric. Waistband and bottom leg in reinforced elastic.Composition: 92% polyamide \/<\/p>","protected":false},"featured_media":28881,"comment_status":"open","ping_status":"closed","template":"","meta":[],"product_cat":[549,533],"product_tag":[],"class_list":{"0":"post-28880","1":"product","2":"type-product","3":"status-publish","4":"has-post-thumbnail","6":"product_cat-leggins","7":"product_cat-wint_sp","9":"first","10":"instock","11":"shipping-taxable","12":"purchasable","13":"product-type-variable"},"_links":{"self":[{"href":"https:\/\/www.promotio.sk\/de\/wp-json\/wp\/v2\/product\/28880","targetHints":{"allow":["GET"]}}],"collection":[{"href":"https:\/\/www.promotio.sk\/de\/wp-json\/wp\/v2\/product"}],"about":[{"href":"https:\/\/www.promotio.sk\/de\/wp-json\/wp\/v2\/types\/product"}],"replies":[{"embeddable":true,"href":"https:\/\/www.promotio.sk\/de\/wp-json\/wp\/v2\/comments?post=28880"}],"wp:featuredmedia":[{"embeddable":true,"href":"https:\/\/www.promotio.sk\/de\/wp-json\/wp\/v2\/media\/28881"}],"wp:attachment":[{"href":"https:\/\/www.promotio.sk\/de\/wp-json\/wp\/v2\/media?parent=28880"}],"wp:term":[{"taxonomy":"product_cat","embeddable":true,"href":"https:\/\/www.promotio.sk\/de\/wp-json\/wp\/v2\/product_cat?post=28880"},{"taxonomy":"product_tag","embeddable":true,"href":"https:\/\/www.promotio.sk\/de\/wp-json\/wp\/v2\/product_tag?post=28880"}],"curies":[{"name":"wp","href":"https:\/\/api.w.org\/{rel}","templated":true}]}}