{"id":28644,"date":"2024-03-11T21:47:52","date_gmt":"2024-03-11T20:47:52","guid":{"rendered":"https:\/\/www.promotio.sk\/shop\/nezaraden\u00e9\/angelo\/"},"modified":"2024-03-11T21:52:44","modified_gmt":"2024-03-11T20:52:44","slug":"angelo","status":"publish","type":"product","link":"https:\/\/www.promotio.sk\/de\/shop\/promo-clothing\/wint_sp\/windbreak\/angelo\/","title":{"rendered":"ANGELO"},"content":{"rendered":"<p>Windjacke mit Kapuze:<br \/>\n1.- Zentraler Rei\u00dfverschluss mit kontrastierendem Kinnschutz und Schieber.<br \/>\n2.- Fronttaschen mit gut sichtbarer Rippe (nicht in Tarnfarbe erh\u00e4ltlich).<br \/>\n3. K\u00e4ngurutasche mit Klettverschluss auf der R\u00fcckseite zum Zusammenfalten des Kleidungsst\u00fcckes.<br \/>\n4. \u00c4rmel und Saum mit kontrastierendem Gummibesatz.<br \/>\n5. Innere Kapuze mit Netzfutter und verdeckten N\u00e4hten.<br \/>\nGr\u00f6\u00dfe XS nur in der Farbe Forest Camouflage (232) erh\u00e4ltlich. Kindergr\u00f6\u00dfen sind nicht in der Farbe Forest Camouflage (232) erh\u00e4ltlich.<br \/>Zusammensetzung: 100% Polyester, 60 g\/m\u00b2.<br \/>Anmerkungen: *Abnehmbares Etikett.<br \/>\n*Winddichtes Modell.<br \/>\n*Kindergr\u00f6\u00dfen verf\u00fcgbar.<\/p>\n<p><img decoding=\"async\" src=\"https:\/\/static.gorfactory.es\/pics\/measures\/CB5088.jpg\"><\/p>","protected":false},"excerpt":{"rendered":"<p>Windbreaker with hood: 1.- Central zip with contrasting chin protector and puller. 2.- Front pockets with high-visibility rib (not available<\/p>","protected":false},"featured_media":28645,"comment_status":"open","ping_status":"closed","template":"","meta":[],"product_cat":[533,536],"product_tag":[],"class_list":{"0":"post-28644","1":"product","2":"type-product","3":"status-publish","4":"has-post-thumbnail","6":"product_cat-wint_sp","7":"product_cat-windbreak","9":"first","10":"instock","11":"shipping-taxable","12":"purchasable","13":"product-type-variable"},"_links":{"self":[{"href":"https:\/\/www.promotio.sk\/de\/wp-json\/wp\/v2\/product\/28644","targetHints":{"allow":["GET"]}}],"collection":[{"href":"https:\/\/www.promotio.sk\/de\/wp-json\/wp\/v2\/product"}],"about":[{"href":"https:\/\/www.promotio.sk\/de\/wp-json\/wp\/v2\/types\/product"}],"replies":[{"embeddable":true,"href":"https:\/\/www.promotio.sk\/de\/wp-json\/wp\/v2\/comments?post=28644"}],"wp:featuredmedia":[{"embeddable":true,"href":"https:\/\/www.promotio.sk\/de\/wp-json\/wp\/v2\/media\/28645"}],"wp:attachment":[{"href":"https:\/\/www.promotio.sk\/de\/wp-json\/wp\/v2\/media?parent=28644"}],"wp:term":[{"taxonomy":"product_cat","embeddable":true,"href":"https:\/\/www.promotio.sk\/de\/wp-json\/wp\/v2\/product_cat?post=28644"},{"taxonomy":"product_tag","embeddable":true,"href":"https:\/\/www.promotio.sk\/de\/wp-json\/wp\/v2\/product_tag?post=28644"}],"curies":[{"name":"wp","href":"https:\/\/api.w.org\/{rel}","templated":true}]}}