{"id":28202,"date":"2024-03-11T14:07:34","date_gmt":"2024-03-11T13:07:34","guid":{"rendered":"https:\/\/www.promotio.sk\/shop\/nezaraden\u00e9\/quebec\/"},"modified":"2024-03-11T14:10:07","modified_gmt":"2024-03-11T13:10:07","slug":"quebec","status":"publish","type":"product","link":"https:\/\/www.promotio.sk\/de\/shop\/promo-clothing\/coats-jackets\/cha\/quebec\/","title":{"rendered":"QUEBEC"},"content":{"rendered":"<p>2-lagige Softshellweste.<br \/>\n1.- Umgekehrter Rei\u00dfverschluss mit passendem Kinnschutz und Schieber.<br \/>\n2.- Innenfutter aus Fleecestoff.<br \/>\n3.- Au\u00dfentasche auf der rechten Brust mit passendem Rei\u00dfverschluss und Schieber.<br \/>\n4.- Zwei Au\u00dfentaschen mit passendem Rei\u00dfverschluss und Schieber.<br \/>\n5.- Unterer Saum mit elastischer Kordel und Stoppern.<br \/>Zusammensetzung: Zweilagig. Au\u00dfenmaterial: 92% Polyester \/ 8% Elastan. Futter: 100% extra warmes Mikrofleece-Polyester. 300 g\/m\u00b2. <br \/>Bemerkungen: *Wasserbest\u00e4ndig.<br \/>\n*Winddicht.<br \/>\n*Ber\u00fccksichtigen Sie stets die Einschr\u00e4nkungen dieser Stoffart und die Notwendigkeit, die Tinte beim Bedrucken vor Migration zu sch\u00fctzen.<br \/><img decoding=\"async\" src=\"https:\/\/static.gorfactory.es\/pics\/measures\/SS_HO.jpg\"><\/p>","protected":false},"excerpt":{"rendered":"<p>2-layer softshell gilet. 1.- Inverted zip with matching chin protector and puller. 2.- Inner lining in fleece fabric. 3.- Outside<\/p>","protected":false},"featured_media":28203,"comment_status":"open","ping_status":"closed","template":"","meta":[],"product_cat":[432,516,513],"product_tag":[],"class_list":{"0":"post-28202","1":"product","2":"type-product","3":"status-publish","4":"has-post-thumbnail","6":"product_cat-coats-jackets","7":"product_cat-softshell","8":"product_cat-cha","10":"first","11":"instock","12":"shipping-taxable","13":"purchasable","14":"product-type-variable"},"_links":{"self":[{"href":"https:\/\/www.promotio.sk\/de\/wp-json\/wp\/v2\/product\/28202","targetHints":{"allow":["GET"]}}],"collection":[{"href":"https:\/\/www.promotio.sk\/de\/wp-json\/wp\/v2\/product"}],"about":[{"href":"https:\/\/www.promotio.sk\/de\/wp-json\/wp\/v2\/types\/product"}],"replies":[{"embeddable":true,"href":"https:\/\/www.promotio.sk\/de\/wp-json\/wp\/v2\/comments?post=28202"}],"wp:featuredmedia":[{"embeddable":true,"href":"https:\/\/www.promotio.sk\/de\/wp-json\/wp\/v2\/media\/28203"}],"wp:attachment":[{"href":"https:\/\/www.promotio.sk\/de\/wp-json\/wp\/v2\/media?parent=28202"}],"wp:term":[{"taxonomy":"product_cat","embeddable":true,"href":"https:\/\/www.promotio.sk\/de\/wp-json\/wp\/v2\/product_cat?post=28202"},{"taxonomy":"product_tag","embeddable":true,"href":"https:\/\/www.promotio.sk\/de\/wp-json\/wp\/v2\/product_tag?post=28202"}],"curies":[{"name":"wp","href":"https:\/\/api.w.org\/{rel}","templated":true}]}}