{"id":28142,"date":"2024-03-11T14:02:39","date_gmt":"2024-03-11T13:02:39","guid":{"rendered":"https:\/\/www.promotio.sk\/shop\/nezaraden\u00e9\/nebraska-woman\/"},"modified":"2024-03-11T14:07:28","modified_gmt":"2024-03-11T13:07:28","slug":"nebraska-woman","status":"publish","type":"product","link":"https:\/\/www.promotio.sk\/de\/shop\/promo-clothing\/coats-jackets\/softshell\/nebraska-woman\/","title":{"rendered":"NEBRASKA FRAU"},"content":{"rendered":"<p>2-Lagen-Softshell.<br \/>\n1.- Umgekehrter Rei\u00dfverschluss mit passendem Kinnschutz und Schieber.<br \/>\n2.- Innenfutter aus Fleecestoff.<br \/>\n3.- Au\u00dfentasche auf der rechten Brust mit passendem Rei\u00dfverschluss und Schieber.<br \/>\n4.- Zwei Au\u00dfentaschen mit passendem Rei\u00dfverschluss und Schieber.<br \/>\n5.- Klettverschl\u00fcsse in den Manschetten.<br \/>\n6.- Unterer Saum mit elastischer Kordel und Stoppern.<br \/>\nTaillierter Schnitt.<br \/>Zusammensetzung: Zweilagig. Au\u00dfenmaterial: 92% Polyester \/ 8% Elastan. Futter: 100% extra warmes Mikrofleece-Polyester. 300 g\/m\u00b2.<br \/>Bemerkungen: *Wasserbest\u00e4ndig.<br \/>\n*Winddicht.<br \/>\n*Duo-Konzept.<br \/>\n*Ber\u00fccksichtigen Sie stets die Einschr\u00e4nkungen dieser Stoffart und die Notwendigkeit, die Tinte beim Bedrucken vor Migration zu sch\u00fctzen.<br \/>\n*DTF-Druck f\u00fcr dieses Modell nicht empfohlen.<br \/><img decoding=\"async\" src=\"https:\/\/static.gorfactory.es\/pics\/measures\/SS_MU.jpg\"><\/p>","protected":false},"excerpt":{"rendered":"<p>2-layer softshell. 1.- Inverted zip with matching chin protector and puller. 2.- Inner lining in fleece fabric. 3.- Outside pocket<\/p>","protected":false},"featured_media":28143,"comment_status":"open","ping_status":"closed","template":"","meta":[],"product_cat":[432,516],"product_tag":[],"class_list":{"0":"post-28142","1":"product","2":"type-product","3":"status-publish","4":"has-post-thumbnail","6":"product_cat-coats-jackets","7":"product_cat-softshell","9":"first","10":"instock","11":"shipping-taxable","12":"purchasable","13":"product-type-variable"},"_links":{"self":[{"href":"https:\/\/www.promotio.sk\/de\/wp-json\/wp\/v2\/product\/28142","targetHints":{"allow":["GET"]}}],"collection":[{"href":"https:\/\/www.promotio.sk\/de\/wp-json\/wp\/v2\/product"}],"about":[{"href":"https:\/\/www.promotio.sk\/de\/wp-json\/wp\/v2\/types\/product"}],"replies":[{"embeddable":true,"href":"https:\/\/www.promotio.sk\/de\/wp-json\/wp\/v2\/comments?post=28142"}],"wp:featuredmedia":[{"embeddable":true,"href":"https:\/\/www.promotio.sk\/de\/wp-json\/wp\/v2\/media\/28143"}],"wp:attachment":[{"href":"https:\/\/www.promotio.sk\/de\/wp-json\/wp\/v2\/media?parent=28142"}],"wp:term":[{"taxonomy":"product_cat","embeddable":true,"href":"https:\/\/www.promotio.sk\/de\/wp-json\/wp\/v2\/product_cat?post=28142"},{"taxonomy":"product_tag","embeddable":true,"href":"https:\/\/www.promotio.sk\/de\/wp-json\/wp\/v2\/product_tag?post=28142"}],"curies":[{"name":"wp","href":"https:\/\/api.w.org\/{rel}","templated":true}]}}