{"id":27973,"date":"2024-03-11T13:49:18","date_gmt":"2024-03-11T12:49:18","guid":{"rendered":"https:\/\/www.promotio.sk\/shop\/nezaraden\u00e9\/rudolph\/"},"modified":"2024-03-11T13:54:34","modified_gmt":"2024-03-11T12:54:34","slug":"rudolph","status":"publish","type":"product","link":"https:\/\/www.promotio.sk\/de\/shop\/promo-clothing\/coats-jackets\/softshell\/rudolph\/","title":{"rendered":"RUDOLPH"},"content":{"rendered":"<p>3-lagige Softshelljacke mit durchgehendem Rei\u00dfverschluss, Kinnschutz und Abzieher. Zwei Seitentaschen und eine auf der Brust mit Rei\u00dfverschluss und Abzieher. Klettverschl\u00fcsse in den Manschetten. Passenf\u00f6rmiger Bereich auf Brust und R\u00fccken. Saum mit seitlichen Innenverstellern. <br \/>Zusammensetzung: Dreilagig. Au\u00dfenmaterial: 95% Polyester \/ 5% Elastan. Futter: 100% extra warmes Mikrofleece-Polyester. 300 g\/m\u00b2.<br \/>Bemerkungen: *Regenbest\u00e4ndigkeit: 1000 mm.<br \/>\n*Wasserdicht.<br \/>\n*Winddicht.<br \/>\n*Ber\u00fccksichtigen Sie stets die Einschr\u00e4nkungen dieser Stoffart und die Notwendigkeit, die Tinte beim Bedrucken vor Migration zu sch\u00fctzen.<br \/>\n*DTF-Druck f\u00fcr dieses Modell nicht empfohlen.<br \/>\n<br \/><img decoding=\"async\" src=\"https:\/\/static.gorfactory.es\/pics\/measures\/SS6435.jpg\"><\/p>","protected":false},"excerpt":{"rendered":"<p>3-layer softshell jacket with full zip, chin protector and puller. Two side pockets and one on the chest with zipper<\/p>","protected":false},"featured_media":27974,"comment_status":"open","ping_status":"closed","template":"","meta":[],"product_cat":[432,516],"product_tag":[],"class_list":{"0":"post-27973","1":"product","2":"type-product","3":"status-publish","4":"has-post-thumbnail","6":"product_cat-coats-jackets","7":"product_cat-softshell","9":"first","10":"instock","11":"shipping-taxable","12":"purchasable","13":"product-type-variable"},"_links":{"self":[{"href":"https:\/\/www.promotio.sk\/de\/wp-json\/wp\/v2\/product\/27973","targetHints":{"allow":["GET"]}}],"collection":[{"href":"https:\/\/www.promotio.sk\/de\/wp-json\/wp\/v2\/product"}],"about":[{"href":"https:\/\/www.promotio.sk\/de\/wp-json\/wp\/v2\/types\/product"}],"replies":[{"embeddable":true,"href":"https:\/\/www.promotio.sk\/de\/wp-json\/wp\/v2\/comments?post=27973"}],"wp:featuredmedia":[{"embeddable":true,"href":"https:\/\/www.promotio.sk\/de\/wp-json\/wp\/v2\/media\/27974"}],"wp:attachment":[{"href":"https:\/\/www.promotio.sk\/de\/wp-json\/wp\/v2\/media?parent=27973"}],"wp:term":[{"taxonomy":"product_cat","embeddable":true,"href":"https:\/\/www.promotio.sk\/de\/wp-json\/wp\/v2\/product_cat?post=27973"},{"taxonomy":"product_tag","embeddable":true,"href":"https:\/\/www.promotio.sk\/de\/wp-json\/wp\/v2\/product_tag?post=27973"}],"curies":[{"name":"wp","href":"https:\/\/api.w.org\/{rel}","templated":true}]}}