{"id":27928,"date":"2024-03-11T13:45:28","date_gmt":"2024-03-11T12:45:28","guid":{"rendered":"https:\/\/www.promotio.sk\/shop\/nezaraden\u00e9\/antartida-woman\/"},"modified":"2024-03-11T13:49:16","modified_gmt":"2024-03-11T12:49:16","slug":"antartida-woman","status":"publish","type":"product","link":"https:\/\/www.promotio.sk\/de\/shop\/promo-clothing\/coats-jackets\/softshell\/antartida-woman\/","title":{"rendered":"ANTARTIDA FRAU"},"content":{"rendered":"<p>2-lagiges Softshell mit umgekehrtem Rei\u00dfverschluss in versiegelter Optik, mit passendem Kinnschutz und Rei\u00dfverschlussschieber. Drei Au\u00dfentaschen mit passendem Rei\u00dfverschluss und Schieber. Klettverschl\u00fcsse in den Manschetten. Unterer Saum mit elastischem Kordelzug und Stoppern.<br \/>Zusammensetzung: Zwei Schichten.<br \/>\nAu\u00dfenmaterial: 92 % Polyester \/ 8% Elastan.<br \/>\nFutter: 100% extra warmes Mikrofleece-Polyester.<br \/>\n300 g\/m\u00b2.<br \/>Bemerkungen: *Winddichtes Gewebe.<br \/>\n*Wasserfest<br \/>\n*Duo-Konzept.<br \/>\n*Slim-Fit im Damenmodell.<br \/>\n*Raglan\u00e4rmel nur beim Damenmodell.<br \/>\n*Wassers\u00e4ule: 1000 mm.<br \/>\n*Ber\u00fccksichtigen Sie stets die Einschr\u00e4nkungen dieser Stoffart und die Notwendigkeit, die Tinte beim Bedrucken vor Migration zu sch\u00fctzen.<br \/>\n*DTF-Druck f\u00fcr dieses Modell nicht empfohlen.<br \/><img decoding=\"async\" src=\"https:\/\/static.gorfactory.es\/pics\/measures\/SS6433.jpg\"><\/p>","protected":false},"excerpt":{"rendered":"<p>2-layer softshell with inverted sealed-effect zip, with matching chin protector and zipper puller. Three outside pockets with matching zip and<\/p>","protected":false},"featured_media":27929,"comment_status":"open","ping_status":"closed","template":"","meta":[],"product_cat":[432,516],"product_tag":[],"class_list":{"0":"post-27928","1":"product","2":"type-product","3":"status-publish","4":"has-post-thumbnail","6":"product_cat-coats-jackets","7":"product_cat-softshell","9":"first","10":"instock","11":"shipping-taxable","12":"purchasable","13":"product-type-variable"},"_links":{"self":[{"href":"https:\/\/www.promotio.sk\/de\/wp-json\/wp\/v2\/product\/27928","targetHints":{"allow":["GET"]}}],"collection":[{"href":"https:\/\/www.promotio.sk\/de\/wp-json\/wp\/v2\/product"}],"about":[{"href":"https:\/\/www.promotio.sk\/de\/wp-json\/wp\/v2\/types\/product"}],"replies":[{"embeddable":true,"href":"https:\/\/www.promotio.sk\/de\/wp-json\/wp\/v2\/comments?post=27928"}],"wp:featuredmedia":[{"embeddable":true,"href":"https:\/\/www.promotio.sk\/de\/wp-json\/wp\/v2\/media\/27929"}],"wp:attachment":[{"href":"https:\/\/www.promotio.sk\/de\/wp-json\/wp\/v2\/media?parent=27928"}],"wp:term":[{"taxonomy":"product_cat","embeddable":true,"href":"https:\/\/www.promotio.sk\/de\/wp-json\/wp\/v2\/product_cat?post=27928"},{"taxonomy":"product_tag","embeddable":true,"href":"https:\/\/www.promotio.sk\/de\/wp-json\/wp\/v2\/product_tag?post=27928"}],"curies":[{"name":"wp","href":"https:\/\/api.w.org\/{rel}","templated":true}]}}