{"id":27864,"date":"2024-03-11T13:40:39","date_gmt":"2024-03-11T12:40:39","guid":{"rendered":"https:\/\/www.promotio.sk\/shop\/nezaraden\u00e9\/antartida\/"},"modified":"2024-03-11T13:45:25","modified_gmt":"2024-03-11T12:45:25","slug":"antartida","status":"publish","type":"product","link":"https:\/\/www.promotio.sk\/de\/shop\/promo-clothing\/coats-jackets\/softshell\/antartida\/","title":{"rendered":"ANTARTIDA"},"content":{"rendered":"<p>2-lagiges Softshell mit warmem Innenfutter aus Mikrofleece. Umgekehrter zentraler Rei\u00dfverschluss mit passendem Kinnschutz und Schieber. Schnittdetail auf der Brust. Zwei Seitentaschen und eine mit Rei\u00dfverschluss auf der Brust. Klettverschl\u00fcsse an den B\u00fcndchen. Saum mit seitlichen Innenverstellern.<br \/>\n<br \/>Zusammensetzung: Zweilagig. Au\u00dfenmaterial: 92 % Polyester \/ 8% Elastan. Futter: 100% extra warmes Mikrofleece-Polyester. 300 g\/m\u00b2.<br \/>Bemerkungen: *Raglan\u00e4rmel nur beim Damenmodell.<br \/>\n*1000 mm Wassers\u00e4ule.<br \/>\n*Wasserfest.<br \/>\n*Winddichtes Gewebe.<br \/>\n*Duo-Konzept.<br \/>\n*Kindergr\u00f6\u00dfen verf\u00fcgbar.<br \/>\n*Ber\u00fccksichtigen Sie stets die Einschr\u00e4nkungen dieser Stoffart und die Notwendigkeit, die Tinte beim Bedrucken vor Migration zu sch\u00fctzen.<br \/>\n*DTF-Druck f\u00fcr dieses Modell nicht empfohlen.<br \/><img decoding=\"async\" src=\"https:\/\/static.gorfactory.es\/pics\/measures\/SS6432.jpg\"><\/p>","protected":false},"excerpt":{"rendered":"<p>2-layer softshell with warm inner lining in microfleece fabric. Inverted central zip with matching chin protector and puller. Cut detail<\/p>","protected":false},"featured_media":27865,"comment_status":"open","ping_status":"closed","template":"","meta":[],"product_cat":[432,516],"product_tag":[],"class_list":{"0":"post-27864","1":"product","2":"type-product","3":"status-publish","4":"has-post-thumbnail","6":"product_cat-coats-jackets","7":"product_cat-softshell","9":"first","10":"instock","11":"shipping-taxable","12":"purchasable","13":"product-type-variable"},"_links":{"self":[{"href":"https:\/\/www.promotio.sk\/de\/wp-json\/wp\/v2\/product\/27864","targetHints":{"allow":["GET"]}}],"collection":[{"href":"https:\/\/www.promotio.sk\/de\/wp-json\/wp\/v2\/product"}],"about":[{"href":"https:\/\/www.promotio.sk\/de\/wp-json\/wp\/v2\/types\/product"}],"replies":[{"embeddable":true,"href":"https:\/\/www.promotio.sk\/de\/wp-json\/wp\/v2\/comments?post=27864"}],"wp:featuredmedia":[{"embeddable":true,"href":"https:\/\/www.promotio.sk\/de\/wp-json\/wp\/v2\/media\/27865"}],"wp:attachment":[{"href":"https:\/\/www.promotio.sk\/de\/wp-json\/wp\/v2\/media?parent=27864"}],"wp:term":[{"taxonomy":"product_cat","embeddable":true,"href":"https:\/\/www.promotio.sk\/de\/wp-json\/wp\/v2\/product_cat?post=27864"},{"taxonomy":"product_tag","embeddable":true,"href":"https:\/\/www.promotio.sk\/de\/wp-json\/wp\/v2\/product_tag?post=27864"}],"curies":[{"name":"wp","href":"https:\/\/api.w.org\/{rel}","templated":true}]}}