{"id":27806,"date":"2024-03-11T13:35:42","date_gmt":"2024-03-11T12:35:42","guid":{"rendered":"https:\/\/www.promotio.sk\/shop\/nezaraden\u00e9\/siberia\/"},"modified":"2024-03-11T21:18:19","modified_gmt":"2024-03-11T20:18:19","slug":"siberia","status":"publish","type":"product","link":"https:\/\/www.promotio.sk\/de\/shop\/promo-clothing\/coats-jackets\/softshell\/siberia\/","title":{"rendered":"SIBIRIEN"},"content":{"rendered":"<p>2-Lagen Sport-Softshell.<br \/>\n\u00b7 Eingespritzter zentraler Rei\u00dfverschluss mit kontrastierendem Kinnschutz und Schieber.<br \/>\n\u00b7 Warmes Innenfutter aus kontrastierendem Mikrofleece-Stoff.<br \/>\n\u00b7 Zwei Seitentaschen und eine auf der Brust mit unsichtbarem Rei\u00dfverschluss und Schieber.<br \/>\n\u00b7 Kleine Tasche am linken \u00c4rmel.<br \/>\n\u00b7 Passender elastischer Besatz an B\u00fcndchen und Saum.<br \/>\n\u00b7 Faltbare Kapuze mit kontrastierendem Micropolar-Futter.<br \/>Zusammensetzung: Zweilagig. Au\u00dfenmaterial: 92% Polyester \/ 8% Elastan. Futter: 100% extra warmes Mikrofleece-Polyester. 300 g\/m\u00b2.<br \/>Anmerkungen: *Abnehmbares Etikett.<br \/>\n*Wasserdicht.<br \/>\n*Winddicht.<br \/>\n*Ber\u00fccksichtigen Sie stets die Einschr\u00e4nkungen dieser Stoffart und die Notwendigkeit, die Tinte beim Bedrucken vor Migration zu sch\u00fctzen.<br \/>\n*DTF-Druck f\u00fcr dieses Modell nicht empfohlen.<br \/><img decoding=\"async\" src=\"https:\/\/static.gorfactory.es\/pics\/measures\/SS_HO.jpg\"><\/p>","protected":false},"excerpt":{"rendered":"<p>2-layer sports softshell. \u00b7 Injected central zip with contrasting chin protector and puller. \u00b7 Warm inner lining in contrasting microfleece<\/p>","protected":false},"featured_media":27807,"comment_status":"open","ping_status":"closed","template":"","meta":[],"product_cat":[432,516],"product_tag":[],"class_list":{"0":"post-27806","1":"product","2":"type-product","3":"status-publish","4":"has-post-thumbnail","6":"product_cat-coats-jackets","7":"product_cat-softshell","9":"first","10":"instock","11":"shipping-taxable","12":"purchasable","13":"product-type-variable"},"_links":{"self":[{"href":"https:\/\/www.promotio.sk\/de\/wp-json\/wp\/v2\/product\/27806","targetHints":{"allow":["GET"]}}],"collection":[{"href":"https:\/\/www.promotio.sk\/de\/wp-json\/wp\/v2\/product"}],"about":[{"href":"https:\/\/www.promotio.sk\/de\/wp-json\/wp\/v2\/types\/product"}],"replies":[{"embeddable":true,"href":"https:\/\/www.promotio.sk\/de\/wp-json\/wp\/v2\/comments?post=27806"}],"wp:featuredmedia":[{"embeddable":true,"href":"https:\/\/www.promotio.sk\/de\/wp-json\/wp\/v2\/media\/27807"}],"wp:attachment":[{"href":"https:\/\/www.promotio.sk\/de\/wp-json\/wp\/v2\/media?parent=27806"}],"wp:term":[{"taxonomy":"product_cat","embeddable":true,"href":"https:\/\/www.promotio.sk\/de\/wp-json\/wp\/v2\/product_cat?post=27806"},{"taxonomy":"product_tag","embeddable":true,"href":"https:\/\/www.promotio.sk\/de\/wp-json\/wp\/v2\/product_tag?post=27806"}],"curies":[{"name":"wp","href":"https:\/\/api.w.org\/{rel}","templated":true}]}}