{"id":27715,"date":"2024-03-11T13:27:21","date_gmt":"2024-03-11T12:27:21","guid":{"rendered":"https:\/\/www.promotio.sk\/shop\/nezaraden\u00e9\/himalaya\/"},"modified":"2024-03-11T21:18:46","modified_gmt":"2024-03-11T20:18:46","slug":"himalaya","status":"publish","type":"product","link":"https:\/\/www.promotio.sk\/de\/shop\/promo-clothing\/coats-jackets\/himalaya\/","title":{"rendered":"HIMALAYA"},"content":{"rendered":"<p>Mikrofleece mit halbem Rei\u00dfverschluss im Nacken und Kinnschutz. B\u00fcndchen mit passendem elastischem Besatz.<br \/>Zusammensetzung: 100% Mikrofleece-Polyester, 155 g\/m\u00b2.  <br \/>Anmerkungen: *Abnehmbares Etikett.<br \/>\n*Duo-Konzept.<br \/>\n*Kindergr\u00f6\u00dfen verf\u00fcgbar.<br \/><img decoding=\"async\" src=\"https:\/\/static.gorfactory.es\/pics\/measures\/SM1095.jpg\"><\/p>","protected":false},"excerpt":{"rendered":"<p>Microfleece with half zipper in neck and chin protector. Cuffs with matching elastic trim.Composition: 100% microfleece polyester, 155 gsm. Remarks:<\/p>","protected":false},"featured_media":27716,"comment_status":"open","ping_status":"closed","template":"","meta":[],"product_cat":[432,512],"product_tag":[],"class_list":{"0":"post-27715","1":"product","2":"type-product","3":"status-publish","4":"has-post-thumbnail","6":"product_cat-coats-jackets","7":"product_cat-pol","9":"first","10":"instock","11":"shipping-taxable","12":"purchasable","13":"product-type-variable"},"_links":{"self":[{"href":"https:\/\/www.promotio.sk\/de\/wp-json\/wp\/v2\/product\/27715","targetHints":{"allow":["GET"]}}],"collection":[{"href":"https:\/\/www.promotio.sk\/de\/wp-json\/wp\/v2\/product"}],"about":[{"href":"https:\/\/www.promotio.sk\/de\/wp-json\/wp\/v2\/types\/product"}],"replies":[{"embeddable":true,"href":"https:\/\/www.promotio.sk\/de\/wp-json\/wp\/v2\/comments?post=27715"}],"wp:featuredmedia":[{"embeddable":true,"href":"https:\/\/www.promotio.sk\/de\/wp-json\/wp\/v2\/media\/27716"}],"wp:attachment":[{"href":"https:\/\/www.promotio.sk\/de\/wp-json\/wp\/v2\/media?parent=27715"}],"wp:term":[{"taxonomy":"product_cat","embeddable":true,"href":"https:\/\/www.promotio.sk\/de\/wp-json\/wp\/v2\/product_cat?post=27715"},{"taxonomy":"product_tag","embeddable":true,"href":"https:\/\/www.promotio.sk\/de\/wp-json\/wp\/v2\/product_tag?post=27715"}],"curies":[{"name":"wp","href":"https:\/\/api.w.org\/{rel}","templated":true}]}}