{"id":27671,"date":"2024-03-11T13:23:51","date_gmt":"2024-03-11T12:23:51","guid":{"rendered":"https:\/\/www.promotio.sk\/shop\/nezaraden\u00e9\/norway-sport\/"},"modified":"2024-03-11T21:04:06","modified_gmt":"2024-03-11T20:04:06","slug":"norway-sport","status":"publish","type":"product","link":"https:\/\/www.promotio.sk\/de\/shop\/promo-clothing\/coats-jackets\/jackets\/norway-sport\/","title":{"rendered":"NORWEGEN SPORT"},"content":{"rendered":"<p>Gepolsterte Sportjacke mit F\u00fcllung aus Federn.<br \/>\n\u00b7 Kontrastierender umgekehrter Frontrei\u00dfverschluss mit Kinnschutz und Schieber.<br \/>\n\u00b7 Fest angepasste Kapuze.<br \/>\n\u00b7 Seitentaschen mit kontrastierendem umgekehrten Rei\u00dfverschluss und Schieber.<br \/>\n\u00b7 Gut sichtbare Details an \u00c4rmeln und R\u00fccken.<br \/>\n\u00b7 Saummuster 4 cm l\u00e4nger als beim Modell NORWAY.<br \/>\n\u00b7 Kontrastierender elastischer Besatz an Kapuze, B\u00fcndchen und Saum.<br \/>\n\u00b7 Stow-Tragetasche inklusive.<br \/>Zusammensetzung: Schale: 100% Polyester, 300T.<br \/>\nFutter: 100% Polyester.<br \/>\nWattierung: 100% Polyester, Federeffekt.<br \/>\n290 g\/m\u00b2.<br \/>Bemerkungen: * Windfestes Modell.<br \/>\n* Wasserfest<br \/>\n* In Kindergr\u00f6\u00dfen erh\u00e4ltlich.<\/p>","protected":false},"excerpt":{"rendered":"<p>Padded sports jacket with feather touch filling. \u00b7 Contrasting reversed front zip with chin protector and puller. \u00b7 Fixed adjusted<\/p>","protected":false},"featured_media":27672,"comment_status":"open","ping_status":"closed","template":"","meta":[],"product_cat":[432,531],"product_tag":[],"class_list":{"0":"post-27671","1":"product","2":"type-product","3":"status-publish","4":"has-post-thumbnail","6":"product_cat-coats-jackets","7":"product_cat-jackets","9":"first","10":"instock","11":"shipping-taxable","12":"purchasable","13":"product-type-variable"},"_links":{"self":[{"href":"https:\/\/www.promotio.sk\/de\/wp-json\/wp\/v2\/product\/27671","targetHints":{"allow":["GET"]}}],"collection":[{"href":"https:\/\/www.promotio.sk\/de\/wp-json\/wp\/v2\/product"}],"about":[{"href":"https:\/\/www.promotio.sk\/de\/wp-json\/wp\/v2\/types\/product"}],"replies":[{"embeddable":true,"href":"https:\/\/www.promotio.sk\/de\/wp-json\/wp\/v2\/comments?post=27671"}],"wp:featuredmedia":[{"embeddable":true,"href":"https:\/\/www.promotio.sk\/de\/wp-json\/wp\/v2\/media\/27672"}],"wp:attachment":[{"href":"https:\/\/www.promotio.sk\/de\/wp-json\/wp\/v2\/media?parent=27671"}],"wp:term":[{"taxonomy":"product_cat","embeddable":true,"href":"https:\/\/www.promotio.sk\/de\/wp-json\/wp\/v2\/product_cat?post=27671"},{"taxonomy":"product_tag","embeddable":true,"href":"https:\/\/www.promotio.sk\/de\/wp-json\/wp\/v2\/product_tag?post=27671"}],"curies":[{"name":"wp","href":"https:\/\/api.w.org\/{rel}","templated":true}]}}