{"id":27291,"date":"2024-03-11T12:53:57","date_gmt":"2024-03-11T11:53:57","guid":{"rendered":"https:\/\/www.promotio.sk\/shop\/nezaraden\u00e9\/nevada\/"},"modified":"2024-03-11T12:55:56","modified_gmt":"2024-03-11T11:55:56","slug":"nevada","status":"publish","type":"product","link":"https:\/\/www.promotio.sk\/de\/shop\/promo-clothing\/coats-jackets\/cha\/nevada\/","title":{"rendered":"NEVADA"},"content":{"rendered":"<p>2-lagige Softshellweste mit warmem Innenfutter aus Mikrofleece. Umgekehrter zentraler Rei\u00dfverschluss mit kontrastierendem Kinnschutz und Schieber. Zwei Seitentaschen und eine mit Rei\u00dfverschluss auf der Brust. Saum mit seitlichen Innenverstellern.<br \/>Zusammensetzung: Au\u00dfenmaterial: 92% Polyester \/ 8% Elastan.<br \/>\nFutter: 100% extra warmes Mikrofleece-Polyester, 300 g\/m\u00b2.<br \/>Bemerkungen: *Wasserbest\u00e4ndig.<br \/>\n*Winddichtes Modell.<br \/>\n*Ber\u00fccksichtigen Sie stets die Einschr\u00e4nkungen dieser Stoffart und die Notwendigkeit, die Tinte beim Bedrucken vor Migration zu sch\u00fctzen.<br \/><img decoding=\"async\" src=\"https:\/\/static.gorfactory.es\/pics\/measures\/RA1199.jpg\"><\/p>","protected":false},"excerpt":{"rendered":"<p>2-layer softshell gillet with warm inner lining in microfleece fabric. Inverted central zip with contrasting chin protector and puller. Two<\/p>","protected":false},"featured_media":27292,"comment_status":"open","ping_status":"closed","template":"","meta":[],"product_cat":[432,516,513],"product_tag":[],"class_list":{"0":"post-27291","1":"product","2":"type-product","3":"status-publish","4":"has-post-thumbnail","6":"product_cat-coats-jackets","7":"product_cat-softshell","8":"product_cat-cha","10":"first","11":"instock","12":"shipping-taxable","13":"purchasable","14":"product-type-variable"},"_links":{"self":[{"href":"https:\/\/www.promotio.sk\/de\/wp-json\/wp\/v2\/product\/27291","targetHints":{"allow":["GET"]}}],"collection":[{"href":"https:\/\/www.promotio.sk\/de\/wp-json\/wp\/v2\/product"}],"about":[{"href":"https:\/\/www.promotio.sk\/de\/wp-json\/wp\/v2\/types\/product"}],"replies":[{"embeddable":true,"href":"https:\/\/www.promotio.sk\/de\/wp-json\/wp\/v2\/comments?post=27291"}],"wp:featuredmedia":[{"embeddable":true,"href":"https:\/\/www.promotio.sk\/de\/wp-json\/wp\/v2\/media\/27292"}],"wp:attachment":[{"href":"https:\/\/www.promotio.sk\/de\/wp-json\/wp\/v2\/media?parent=27291"}],"wp:term":[{"taxonomy":"product_cat","embeddable":true,"href":"https:\/\/www.promotio.sk\/de\/wp-json\/wp\/v2\/product_cat?post=27291"},{"taxonomy":"product_tag","embeddable":true,"href":"https:\/\/www.promotio.sk\/de\/wp-json\/wp\/v2\/product_tag?post=27291"}],"curies":[{"name":"wp","href":"https:\/\/api.w.org\/{rel}","templated":true}]}}