{"id":27080,"date":"2024-03-11T12:36:26","date_gmt":"2024-03-11T11:36:26","guid":{"rendered":"https:\/\/www.promotio.sk\/shop\/nezaraden\u00e9\/europa\/"},"modified":"2024-03-11T21:02:13","modified_gmt":"2024-03-11T20:02:13","slug":"europa","status":"publish","type":"product","link":"https:\/\/www.promotio.sk\/de\/shop\/promo-clothing\/coats-jackets\/jackets\/europa\/","title":{"rendered":"EUROPA"},"content":{"rendered":"<p>Gepolsterte, wasserdichte Jacke.<br \/>\n\u00b7 Mittig geformter Rei\u00dfverschluss mit passender Klappe.<br \/>\n\u00b7 Hoher Kragen mit faltbarer Kapuze.<br \/>\n\u00b7 Seitentaschen mit Rei\u00dfverschluss und Klappe.<br \/>\n\u00b7 Verstellbare Manschetten mit Riemen.<br \/>\n\u00b7 Zwei Innentaschen mit Klettverschluss.<br \/>\n\u00b7 Innerer Zugang f\u00fcr Siebdruck und Stickerei.<\/p>\n<p>Zusammensetzung: Au\u00dfenmaterial: wasserdichtes Polyester 100%.<br \/>\nFutter: 100% Polyester.<br \/>\nWattierung: 100% Polyester.<br \/>\n400 g\/m\u00b2.<br \/>Bemerkungen: *Kindergr\u00f6\u00dfen erh\u00e4ltlich in Marine 55, Rot 60 und Schwarz 02.<br \/>\n*Slim-Fit im Damenmodell.<br \/>\n*Einfacher Zugang von innen zum Bedrucken oder Besticken.<br \/>\n*Wasserdicht.<br \/>\n*Winddicht.<br \/>\n*Duo-Konzept.<br \/><img decoding=\"async\" src=\"https:\/\/static.gorfactory.es\/pics\/measures\/PK5077.jpg\"><\/p>","protected":false},"excerpt":{"rendered":"<p>Padded waterproof jacket. \u00b7 Central molded zipper with matching flap. \u00b7 High neck with foldable hood. \u00b7 Side pockets with<\/p>","protected":false},"featured_media":27081,"comment_status":"open","ping_status":"closed","template":"","meta":[],"product_cat":[432,531],"product_tag":[],"class_list":{"0":"post-27080","1":"product","2":"type-product","3":"status-publish","4":"has-post-thumbnail","6":"product_cat-coats-jackets","7":"product_cat-jackets","9":"first","10":"instock","11":"shipping-taxable","12":"purchasable","13":"product-type-variable"},"_links":{"self":[{"href":"https:\/\/www.promotio.sk\/de\/wp-json\/wp\/v2\/product\/27080","targetHints":{"allow":["GET"]}}],"collection":[{"href":"https:\/\/www.promotio.sk\/de\/wp-json\/wp\/v2\/product"}],"about":[{"href":"https:\/\/www.promotio.sk\/de\/wp-json\/wp\/v2\/types\/product"}],"replies":[{"embeddable":true,"href":"https:\/\/www.promotio.sk\/de\/wp-json\/wp\/v2\/comments?post=27080"}],"wp:featuredmedia":[{"embeddable":true,"href":"https:\/\/www.promotio.sk\/de\/wp-json\/wp\/v2\/media\/27081"}],"wp:attachment":[{"href":"https:\/\/www.promotio.sk\/de\/wp-json\/wp\/v2\/media?parent=27080"}],"wp:term":[{"taxonomy":"product_cat","embeddable":true,"href":"https:\/\/www.promotio.sk\/de\/wp-json\/wp\/v2\/product_cat?post=27080"},{"taxonomy":"product_tag","embeddable":true,"href":"https:\/\/www.promotio.sk\/de\/wp-json\/wp\/v2\/product_tag?post=27080"}],"curies":[{"name":"wp","href":"https:\/\/api.w.org\/{rel}","templated":true}]}}