{"id":26564,"date":"2024-03-11T11:53:02","date_gmt":"2024-03-11T10:53:02","guid":{"rendered":"https:\/\/www.promotio.sk\/shop\/nezaraden\u00e9\/reine\/"},"modified":"2024-03-11T11:54:57","modified_gmt":"2024-03-11T10:54:57","slug":"reine","status":"publish","type":"product","link":"https:\/\/www.promotio.sk\/de\/shop\/promo-clothing\/coats-jackets\/cha\/reine\/","title":{"rendered":"REINE"},"content":{"rendered":"<p>Gef\u00fctterte Damenweste mit abnehmbarer Kapuze.<br \/>\n\u00b7 Hoher Kragen. \u00b7 Durch eine Klappe verdeckter Rei\u00dfverschluss vorne.<br \/>\n\u00b7 Zwei Taschen mit Druckknopfverschluss.<br \/>\n\u00b7 Seitliche \u00d6ffnungen mit Rei\u00dfverschl\u00fcssen.<br \/>\n\u00b7 Innerer Brustzugang zur Wiederaufbereitung<br \/>\nHinweise und Symbole: Wasserabweisend.<br \/>Zusammensetzung: Au\u00dfenmaterial: 100% Polyester<br \/>\nPolsterung: 100% Polyester<br \/>\nFutter: 100% Polyester<br \/>\n708g\/m\u00b2<br \/>Bemerkungen: *Etiqueta removable<br \/>\n*Wasserabwehr<br \/><img decoding=\"async\" src=\"https:\/\/static.gorfactory.es\/pics\/measures\/CC_HOMU.jpg\"><\/p>","protected":false},"excerpt":{"rendered":"<p>Women&#8217;s padded vest with removable hood. \u00b7 High collar. \u00b7 Front zip closure hidden by flap. \u00b7 Two pockets with<\/p>","protected":false},"featured_media":26565,"comment_status":"open","ping_status":"closed","template":"","meta":[],"product_cat":[432,513],"product_tag":[],"class_list":{"0":"post-26564","1":"product","2":"type-product","3":"status-publish","4":"has-post-thumbnail","6":"product_cat-coats-jackets","7":"product_cat-cha","9":"first","10":"instock","11":"shipping-taxable","12":"purchasable","13":"product-type-variable"},"_links":{"self":[{"href":"https:\/\/www.promotio.sk\/de\/wp-json\/wp\/v2\/product\/26564","targetHints":{"allow":["GET"]}}],"collection":[{"href":"https:\/\/www.promotio.sk\/de\/wp-json\/wp\/v2\/product"}],"about":[{"href":"https:\/\/www.promotio.sk\/de\/wp-json\/wp\/v2\/types\/product"}],"replies":[{"embeddable":true,"href":"https:\/\/www.promotio.sk\/de\/wp-json\/wp\/v2\/comments?post=26564"}],"wp:featuredmedia":[{"embeddable":true,"href":"https:\/\/www.promotio.sk\/de\/wp-json\/wp\/v2\/media\/26565"}],"wp:attachment":[{"href":"https:\/\/www.promotio.sk\/de\/wp-json\/wp\/v2\/media?parent=26564"}],"wp:term":[{"taxonomy":"product_cat","embeddable":true,"href":"https:\/\/www.promotio.sk\/de\/wp-json\/wp\/v2\/product_cat?post=26564"},{"taxonomy":"product_tag","embeddable":true,"href":"https:\/\/www.promotio.sk\/de\/wp-json\/wp\/v2\/product_tag?post=26564"}],"curies":[{"name":"wp","href":"https:\/\/api.w.org\/{rel}","templated":true}]}}