{"id":26500,"date":"2024-03-11T11:47:28","date_gmt":"2024-03-11T10:47:28","guid":{"rendered":"https:\/\/www.promotio.sk\/shop\/nezaraden\u00e9\/sitka\/"},"modified":"2024-03-11T15:44:21","modified_gmt":"2024-03-11T14:44:21","slug":"sitka","status":"publish","type":"product","link":"https:\/\/www.promotio.sk\/de\/shop\/promo-clothing\/coats-jackets\/raincoats\/sitka\/","title":{"rendered":"Sitka - Die sch\u00f6nsten Str\u00e4nde in Sitka"},"content":{"rendered":"<p>Wasserdichter Regenmantel.<br \/>\n\u00b7 Kapuze mit Schirm.<br \/>\n\u00b7 Hei\u00dfversiegelte Rei\u00dfverschl\u00fcsse und N\u00e4hte. \u00b7 Kontrastierende Details in Schwarz.<br \/>\n\u00b7 Zwei Seitentaschen mit Rei\u00dfverschluss.<br \/>\n\u00b7 Schlitz am hinteren Saum.                                                                                     <br \/>Zusammensetzung: 100% Polyester, PU, 210 g\/m\u00b2.<br \/>Bemerkungen: * Abnehmbares Etikett.<br \/>\n* Wasserdicht.<br \/>\n* Duo-Konzept.<br \/><img decoding=\"async\" src=\"https:\/\/static.gorfactory.es\/pics\/measures\/CB_HO.jpg\"><\/p>","protected":false},"excerpt":{"rendered":"<p>Waterproof raincoat. \u00b7 Hood with peak. \u00b7 Heat-sealed zips and seams. \u00b7 Contrasting details in black. \u00b7 Two side pockets<\/p>","protected":false},"featured_media":26501,"comment_status":"open","ping_status":"closed","template":"","meta":[],"product_cat":[432,427],"product_tag":[],"class_list":{"0":"post-26500","1":"product","2":"type-product","3":"status-publish","4":"has-post-thumbnail","6":"product_cat-coats-jackets","7":"product_cat-raincoats","9":"first","10":"instock","11":"shipping-taxable","12":"purchasable","13":"product-type-variable"},"_links":{"self":[{"href":"https:\/\/www.promotio.sk\/de\/wp-json\/wp\/v2\/product\/26500","targetHints":{"allow":["GET"]}}],"collection":[{"href":"https:\/\/www.promotio.sk\/de\/wp-json\/wp\/v2\/product"}],"about":[{"href":"https:\/\/www.promotio.sk\/de\/wp-json\/wp\/v2\/types\/product"}],"replies":[{"embeddable":true,"href":"https:\/\/www.promotio.sk\/de\/wp-json\/wp\/v2\/comments?post=26500"}],"wp:featuredmedia":[{"embeddable":true,"href":"https:\/\/www.promotio.sk\/de\/wp-json\/wp\/v2\/media\/26501"}],"wp:attachment":[{"href":"https:\/\/www.promotio.sk\/de\/wp-json\/wp\/v2\/media?parent=26500"}],"wp:term":[{"taxonomy":"product_cat","embeddable":true,"href":"https:\/\/www.promotio.sk\/de\/wp-json\/wp\/v2\/product_cat?post=26500"},{"taxonomy":"product_tag","embeddable":true,"href":"https:\/\/www.promotio.sk\/de\/wp-json\/wp\/v2\/product_tag?post=26500"}],"curies":[{"name":"wp","href":"https:\/\/api.w.org\/{rel}","templated":true}]}}