{"id":26349,"date":"2024-03-11T11:04:38","date_gmt":"2024-03-11T10:04:38","guid":{"rendered":"https:\/\/www.promotio.sk\/shop\/nezaraden\u00e9\/zair\/"},"modified":"2024-03-11T11:19:48","modified_gmt":"2024-03-11T10:19:48","slug":"zair","status":"publish","type":"product","link":"https:\/\/www.promotio.sk\/de\/shop\/promo-clothing\/sud_cha\/swe\/zair\/","title":{"rendered":"ZAIR"},"content":{"rendered":"<p>Hoodie aus leichtem Stoff. Einteilige, plissierte Kapuze. Vordere Seiten- und \u00c4rmeln\u00e4hte. In die Seitenn\u00e4hte integrierte Taschen. PVC-Versteller mit Gummizug am Bund. Passendes Roly-Logo am linken Saum.<br \/>\n<br \/>Zusammensetzung: 80% Polyester, 17% Viskose und 3% Elastan, 310 g\/m\u00b2.<br \/>Bemerkungen: * Unisex.<br \/>\n* Abnehmbares Etikett.<br \/><img decoding=\"async\" src=\"https:\/\/static.gorfactory.es\/pics\/measures\/SU_HO.jpg\"><\/p>","protected":false},"excerpt":{"rendered":"<p>Hoodie in light fabric. One-piece pleated hood. Frontal side and sleeve seams. Pockets integrated in side seams. PVC adjuster with<\/p>","protected":false},"featured_media":26350,"comment_status":"open","ping_status":"closed","template":"","meta":[],"product_cat":[511,485,484],"product_tag":[],"class_list":{"0":"post-26349","1":"product","2":"type-product","3":"status-publish","4":"has-post-thumbnail","6":"product_cat-swe_h","7":"product_cat-swe","8":"product_cat-sud_cha","10":"first","11":"instock","12":"shipping-taxable","13":"purchasable","14":"product-type-variable"},"_links":{"self":[{"href":"https:\/\/www.promotio.sk\/de\/wp-json\/wp\/v2\/product\/26349","targetHints":{"allow":["GET"]}}],"collection":[{"href":"https:\/\/www.promotio.sk\/de\/wp-json\/wp\/v2\/product"}],"about":[{"href":"https:\/\/www.promotio.sk\/de\/wp-json\/wp\/v2\/types\/product"}],"replies":[{"embeddable":true,"href":"https:\/\/www.promotio.sk\/de\/wp-json\/wp\/v2\/comments?post=26349"}],"wp:featuredmedia":[{"embeddable":true,"href":"https:\/\/www.promotio.sk\/de\/wp-json\/wp\/v2\/media\/26350"}],"wp:attachment":[{"href":"https:\/\/www.promotio.sk\/de\/wp-json\/wp\/v2\/media?parent=26349"}],"wp:term":[{"taxonomy":"product_cat","embeddable":true,"href":"https:\/\/www.promotio.sk\/de\/wp-json\/wp\/v2\/product_cat?post=26349"},{"taxonomy":"product_tag","embeddable":true,"href":"https:\/\/www.promotio.sk\/de\/wp-json\/wp\/v2\/product_tag?post=26349"}],"curies":[{"name":"wp","href":"https:\/\/api.w.org\/{rel}","templated":true}]}}