{"id":26128,"date":"2024-03-11T10:19:22","date_gmt":"2024-03-11T09:19:22","guid":{"rendered":"https:\/\/www.promotio.sk\/shop\/nezaraden\u00e9\/annapurna-woman\/"},"modified":"2024-03-11T10:23:44","modified_gmt":"2024-03-11T09:23:44","slug":"annapurna-woman","status":"publish","type":"product","link":"https:\/\/www.promotio.sk\/de\/shop\/promo-clothing\/sud_cha\/swe\/annapurna-woman\/","title":{"rendered":"ANNAPURNA FRAU"},"content":{"rendered":"<p>Raglan-Sweatshirt aus Baumwolle mit langen \u00c4rmeln. 2x1 Rippenmuster an Kragen, B\u00fcndchen und Taille. Rundhalsausschnitt mit verst\u00e4rkten verdeckten N\u00e4hten an der Innenseite des Halses. Vorderes Detail aus gekreuzten N\u00e4hten mit 2x1 Rippenstoff\u00fcberzug.<br \/>Zusammensetzung: 100% Baumwolle, French Terry, 260 g\/m\u00b2.<br \/>\nFarbe Heather Grey (58): 85% Baumwolle \/ 15% Viskose.<br \/>Anmerkungen: *Abnehmbares Etikett.<br \/>\n*Duo-Konzept.<br \/><img decoding=\"async\" src=\"https:\/\/static.gorfactory.es\/pics\/measures\/SU_MU.jpg\"><\/p>","protected":false},"excerpt":{"rendered":"<p>Raglan long-sleeve cotton sweatshirt. 2&#215;1 rib in collar, cuffs and waist. Crew neck with reinforced covered seams on the inside<\/p>","protected":false},"featured_media":26129,"comment_status":"open","ping_status":"closed","template":"","meta":[],"product_cat":[485,484],"product_tag":[],"class_list":{"0":"post-26128","1":"product","2":"type-product","3":"status-publish","4":"has-post-thumbnail","6":"product_cat-swe","7":"product_cat-sud_cha","9":"first","10":"instock","11":"shipping-taxable","12":"purchasable","13":"product-type-variable"},"_links":{"self":[{"href":"https:\/\/www.promotio.sk\/de\/wp-json\/wp\/v2\/product\/26128","targetHints":{"allow":["GET"]}}],"collection":[{"href":"https:\/\/www.promotio.sk\/de\/wp-json\/wp\/v2\/product"}],"about":[{"href":"https:\/\/www.promotio.sk\/de\/wp-json\/wp\/v2\/types\/product"}],"replies":[{"embeddable":true,"href":"https:\/\/www.promotio.sk\/de\/wp-json\/wp\/v2\/comments?post=26128"}],"wp:featuredmedia":[{"embeddable":true,"href":"https:\/\/www.promotio.sk\/de\/wp-json\/wp\/v2\/media\/26129"}],"wp:attachment":[{"href":"https:\/\/www.promotio.sk\/de\/wp-json\/wp\/v2\/media?parent=26128"}],"wp:term":[{"taxonomy":"product_cat","embeddable":true,"href":"https:\/\/www.promotio.sk\/de\/wp-json\/wp\/v2\/product_cat?post=26128"},{"taxonomy":"product_tag","embeddable":true,"href":"https:\/\/www.promotio.sk\/de\/wp-json\/wp\/v2\/product_tag?post=26128"}],"curies":[{"name":"wp","href":"https:\/\/api.w.org\/{rel}","templated":true}]}}