{"id":26026,"date":"2024-03-11T10:10:56","date_gmt":"2024-03-11T09:10:56","guid":{"rendered":"https:\/\/www.promotio.sk\/shop\/nezaraden\u00e9\/fuji\/"},"modified":"2024-03-11T11:23:53","modified_gmt":"2024-03-11T10:23:53","slug":"fuji","status":"publish","type":"product","link":"https:\/\/www.promotio.sk\/de\/shop\/promo-clothing\/sud_cha\/swe\/fuji\/","title":{"rendered":"FUJI"},"content":{"rendered":"<p>Sweatjacke aus nicht geb\u00fcrstetem Fleece mit Details in fluoreszierender Farbe. Zentraler Rei\u00dfverschluss mit kontrastierender Abzieher. Kapuze mit Futter aus mikroperforiertem Polyestergewebe und kontrastierender fluoreszierender Farbe. Kordelzug und Metall\u00f6sen in kontrastierender fluoreszierender Farbe. 1\u00d71 Rippstrick an B\u00fcndchen und Taille. Zwei Fronttaschen mit breiter Einfassung. Verst\u00e4rkte verdeckte N\u00e4hte am Innenkragen.<br \/>Zusammensetzung: Hauptstoff: 60% Baumwolle \/ 40% Polyester, nicht geb\u00fcrstetes Fleece, 280 g\/m\u00b2.<br \/>\nKapuzenfutter: 100% mikroperforiertes Polyester.<br \/>Bemerkungen: *Graumeliert 58: 85% Baumwolle \/ 15% Viskose.<br \/>\n*Abnehmbares Etikett.<br \/>\n<br \/><img decoding=\"async\" src=\"https:\/\/static.gorfactory.es\/pics\/measures\/SU_HO.jpg\"><\/p>","protected":false},"excerpt":{"rendered":"<p>Sweat jacket in non-brushed fleece with details in fluor colour. Central zip with contrasting puller. Hood with lining in microperforated<\/p>","protected":false},"featured_media":26027,"comment_status":"open","ping_status":"closed","template":"","meta":[],"product_cat":[511,485,484],"product_tag":[],"class_list":{"0":"post-26026","1":"product","2":"type-product","3":"status-publish","4":"has-post-thumbnail","6":"product_cat-swe_h","7":"product_cat-swe","8":"product_cat-sud_cha","10":"first","11":"instock","12":"shipping-taxable","13":"purchasable","14":"product-type-variable"},"_links":{"self":[{"href":"https:\/\/www.promotio.sk\/de\/wp-json\/wp\/v2\/product\/26026","targetHints":{"allow":["GET"]}}],"collection":[{"href":"https:\/\/www.promotio.sk\/de\/wp-json\/wp\/v2\/product"}],"about":[{"href":"https:\/\/www.promotio.sk\/de\/wp-json\/wp\/v2\/types\/product"}],"replies":[{"embeddable":true,"href":"https:\/\/www.promotio.sk\/de\/wp-json\/wp\/v2\/comments?post=26026"}],"wp:featuredmedia":[{"embeddable":true,"href":"https:\/\/www.promotio.sk\/de\/wp-json\/wp\/v2\/media\/26027"}],"wp:attachment":[{"href":"https:\/\/www.promotio.sk\/de\/wp-json\/wp\/v2\/media?parent=26026"}],"wp:term":[{"taxonomy":"product_cat","embeddable":true,"href":"https:\/\/www.promotio.sk\/de\/wp-json\/wp\/v2\/product_cat?post=26026"},{"taxonomy":"product_tag","embeddable":true,"href":"https:\/\/www.promotio.sk\/de\/wp-json\/wp\/v2\/product_tag?post=26026"}],"curies":[{"name":"wp","href":"https:\/\/api.w.org\/{rel}","templated":true}]}}