{"id":25769,"date":"2024-03-11T09:46:11","date_gmt":"2024-03-11T08:46:11","guid":{"rendered":"https:\/\/www.promotio.sk\/shop\/nezaraden\u00e9\/capucha\/"},"modified":"2024-03-11T11:21:49","modified_gmt":"2024-03-11T10:21:49","slug":"capucha","status":"publish","type":"product","link":"https:\/\/www.promotio.sk\/de\/shop\/promo-clothing\/sud_cha\/swe\/capucha\/","title":{"rendered":"CAPUCHA"},"content":{"rendered":"<p>Kapuzensweatshirt mit K\u00e4ngurutasche und flachem, verstellbarem Kordelzug. 1\u00d71 Elastanripp an B\u00fcndchen und Bund. Kindergr\u00f6\u00dfen ohne Kordelzug.<br \/>Zusammensetzung: 50% Baumwolle \/ 50% Polyester, geb\u00fcrstetes Vlies, 280 g\/m\u00b2.<br \/>\nGrau meliert 58: 55% Baumwolle \/ 40% Polyester \/ 5% Viskose.<br \/>Anmerkungen: *Abnehmbares Etikett.<br \/>\n*Kindergr\u00f6\u00dfen verf\u00fcgbar.<br \/>\n**Kinderhoodie ohne Kordelzug<br \/>\n*Ber\u00fccksichtigen Sie stets die Einschr\u00e4nkungen dieser Stoffart und die Notwendigkeit, die Tinte beim Bedrucken vor Migration zu sch\u00fctzen.<br \/><img decoding=\"async\" src=\"https:\/\/static.gorfactory.es\/pics\/measures\/SU1087.jpg\"><\/p>","protected":false},"excerpt":{"rendered":"<p>Hooded sweatshirt with kangaroo style pocket and flat adjustable drawcord. 1&#215;1 elastane rib in cuffs and waistband. Kids sizes without<\/p>","protected":false},"featured_media":25770,"comment_status":"open","ping_status":"closed","template":"","meta":[],"product_cat":[511,485,484],"product_tag":[],"class_list":{"0":"post-25769","1":"product","2":"type-product","3":"status-publish","4":"has-post-thumbnail","6":"product_cat-swe_h","7":"product_cat-swe","8":"product_cat-sud_cha","10":"first","11":"instock","12":"shipping-taxable","13":"purchasable","14":"product-type-variable"},"_links":{"self":[{"href":"https:\/\/www.promotio.sk\/de\/wp-json\/wp\/v2\/product\/25769","targetHints":{"allow":["GET"]}}],"collection":[{"href":"https:\/\/www.promotio.sk\/de\/wp-json\/wp\/v2\/product"}],"about":[{"href":"https:\/\/www.promotio.sk\/de\/wp-json\/wp\/v2\/types\/product"}],"replies":[{"embeddable":true,"href":"https:\/\/www.promotio.sk\/de\/wp-json\/wp\/v2\/comments?post=25769"}],"wp:featuredmedia":[{"embeddable":true,"href":"https:\/\/www.promotio.sk\/de\/wp-json\/wp\/v2\/media\/25770"}],"wp:attachment":[{"href":"https:\/\/www.promotio.sk\/de\/wp-json\/wp\/v2\/media?parent=25769"}],"wp:term":[{"taxonomy":"product_cat","embeddable":true,"href":"https:\/\/www.promotio.sk\/de\/wp-json\/wp\/v2\/product_cat?post=25769"},{"taxonomy":"product_tag","embeddable":true,"href":"https:\/\/www.promotio.sk\/de\/wp-json\/wp\/v2\/product_tag?post=25769"}],"curies":[{"name":"wp","href":"https:\/\/api.w.org\/{rel}","templated":true}]}}