{"id":25703,"date":"2024-03-11T09:40:25","date_gmt":"2024-03-11T08:40:25","guid":{"rendered":"https:\/\/www.promotio.sk\/shop\/nezaraden\u00e9\/vinson\/"},"modified":"2024-03-11T11:23:05","modified_gmt":"2024-03-11T10:23:05","slug":"vinson","status":"publish","type":"product","link":"https:\/\/www.promotio.sk\/de\/shop\/promo-clothing\/sud_cha\/swe\/vinson\/","title":{"rendered":"VINSON"},"content":{"rendered":"<p>Unisex-Kapuzenpullover aus Bio-Baumwolle und recyceltem Polyester. K\u00e4ngurutasche. Single-Jersey-Futter in der Kapuze. Runder verstellbarer Kordelzug und gestickte \u00d6sen. B\u00fcndchen und Bund aus 2x1 Rippstoff. <br \/>Zusammensetzung: 70% Bio-Baumwolle, 30% recyceltes Polyester, Pl\u00fcschstrick, 300 g\/m\u00b2.<br \/>\nFarbe Heather Grey (58): 53% Bio-Baumwolle \/ 40% recyceltes Polyester \/ 7% Viskose.<br \/>Bemerkungen: *Abnehmbares ECO-Label.<br \/>\n*Einzelne Recyclingverpackung.<br \/>\n*Unisex-Modell.<br \/><img decoding=\"async\" src=\"https:\/\/static.gorfactory.es\/pics\/measures\/SU_HO.jpg\"><\/p>","protected":false},"excerpt":{"rendered":"<p>Unisex hoodie in organic cotton and recycled polyester. Kangaroo style pocket. Single jersey lining in hood. Round adjustable drawcord and<\/p>","protected":false},"featured_media":25704,"comment_status":"open","ping_status":"closed","template":"","meta":[],"product_cat":[511,485,484],"product_tag":[],"class_list":{"0":"post-25703","1":"product","2":"type-product","3":"status-publish","4":"has-post-thumbnail","6":"product_cat-swe_h","7":"product_cat-swe","8":"product_cat-sud_cha","10":"first","11":"instock","12":"shipping-taxable","13":"purchasable","14":"product-type-variable"},"_links":{"self":[{"href":"https:\/\/www.promotio.sk\/de\/wp-json\/wp\/v2\/product\/25703","targetHints":{"allow":["GET"]}}],"collection":[{"href":"https:\/\/www.promotio.sk\/de\/wp-json\/wp\/v2\/product"}],"about":[{"href":"https:\/\/www.promotio.sk\/de\/wp-json\/wp\/v2\/types\/product"}],"replies":[{"embeddable":true,"href":"https:\/\/www.promotio.sk\/de\/wp-json\/wp\/v2\/comments?post=25703"}],"wp:featuredmedia":[{"embeddable":true,"href":"https:\/\/www.promotio.sk\/de\/wp-json\/wp\/v2\/media\/25704"}],"wp:attachment":[{"href":"https:\/\/www.promotio.sk\/de\/wp-json\/wp\/v2\/media?parent=25703"}],"wp:term":[{"taxonomy":"product_cat","embeddable":true,"href":"https:\/\/www.promotio.sk\/de\/wp-json\/wp\/v2\/product_cat?post=25703"},{"taxonomy":"product_tag","embeddable":true,"href":"https:\/\/www.promotio.sk\/de\/wp-json\/wp\/v2\/product_tag?post=25703"}],"curies":[{"name":"wp","href":"https:\/\/api.w.org\/{rel}","templated":true}]}}