{"id":25636,"date":"2024-03-11T09:34:57","date_gmt":"2024-03-11T08:34:57","guid":{"rendered":"https:\/\/www.promotio.sk\/shop\/nezaraden\u00e9\/batian\/"},"modified":"2024-03-11T09:40:22","modified_gmt":"2024-03-11T08:40:22","slug":"batian","status":"publish","type":"product","link":"https:\/\/www.promotio.sk\/de\/shop\/promo-clothing\/sud_cha\/swe\/batian\/","title":{"rendered":"BATIAN"},"content":{"rendered":"<p>Unisex-Pullover aus gek\u00e4mmter Bio-Baumwolle und recyceltem Polyester. Kragen, B\u00fcndchen und Saum aus 2x1-Rippgewebe. Dekorative Overlockn\u00e4hte an Schultern, Armausschnitten, Kragen, B\u00fcndchen und Saum. Halbmondnaht am inneren hinteren Kragen.<br \/>Zusammensetzung: 70% gek\u00e4mmte Bio-Baumwolle \/ 30% recyceltes Polyester, Pl\u00fcschstrick, 300 g\/m\u00b2.<br \/>\nFarbe Heather Grey (58): 60% Bio-Baumwolle \/ 31% recyceltes Polyester \/ 9% Viskose.<br \/>Bemerkungen: *Abnehmbares ECO-Label.<br \/>\n*Einzelne Recyclingverpackung.<br \/>\n*Unisex-Modell.<br \/><img decoding=\"async\" src=\"https:\/\/static.gorfactory.es\/pics\/measures\/SU_HO.jpg\"><\/p>","protected":false},"excerpt":{"rendered":"<p>Unisex sweater in organic combed cotton and recycled polyester. Collar, cuffs and hem in 2&#215;1 ribbed fabric. Decorative overlocked seams<\/p>","protected":false},"featured_media":25637,"comment_status":"open","ping_status":"closed","template":"","meta":[],"product_cat":[485,484],"product_tag":[],"class_list":{"0":"post-25636","1":"product","2":"type-product","3":"status-publish","4":"has-post-thumbnail","6":"product_cat-swe","7":"product_cat-sud_cha","9":"first","10":"instock","11":"shipping-taxable","12":"purchasable","13":"product-type-variable"},"_links":{"self":[{"href":"https:\/\/www.promotio.sk\/de\/wp-json\/wp\/v2\/product\/25636","targetHints":{"allow":["GET"]}}],"collection":[{"href":"https:\/\/www.promotio.sk\/de\/wp-json\/wp\/v2\/product"}],"about":[{"href":"https:\/\/www.promotio.sk\/de\/wp-json\/wp\/v2\/types\/product"}],"replies":[{"embeddable":true,"href":"https:\/\/www.promotio.sk\/de\/wp-json\/wp\/v2\/comments?post=25636"}],"wp:featuredmedia":[{"embeddable":true,"href":"https:\/\/www.promotio.sk\/de\/wp-json\/wp\/v2\/media\/25637"}],"wp:attachment":[{"href":"https:\/\/www.promotio.sk\/de\/wp-json\/wp\/v2\/media?parent=25636"}],"wp:term":[{"taxonomy":"product_cat","embeddable":true,"href":"https:\/\/www.promotio.sk\/de\/wp-json\/wp\/v2\/product_cat?post=25636"},{"taxonomy":"product_tag","embeddable":true,"href":"https:\/\/www.promotio.sk\/de\/wp-json\/wp\/v2\/product_tag?post=25636"}],"curies":[{"name":"wp","href":"https:\/\/api.w.org\/{rel}","templated":true}]}}