{"id":25284,"date":"2024-03-11T08:57:45","date_gmt":"2024-03-11T07:57:45","guid":{"rendered":"https:\/\/www.promotio.sk\/shop\/nezaraden\u00e9\/clasica\/"},"modified":"2024-03-11T09:34:54","modified_gmt":"2024-03-11T08:34:54","slug":"clasica","status":"publish","type":"product","link":"https:\/\/www.promotio.sk\/de\/shop\/promo-clothing\/sud_cha\/swe\/clasica\/","title":{"rendered":"KLASSIKER"},"content":{"rendered":"<p>Klassisches Sweatshirt mit 1\u00d71 Elastanripp an Kragen, B\u00fcndchen und Bund. Verst\u00e4rkte verdeckte N\u00e4hte im Kragen. <br \/>Zusammensetzung: 50% Baumwolle \/ 50% Polyester, geb\u00fcrstetes Vlies, 280 g\/m\u00b2.<br \/>\nGrau meliert 58: 55% Baumwolle \/ 40% Polyester \/ 5% Viskose.<br \/>Anmerkungen: *Abnehmbares Etikett.<br \/>\n*In Kindergr\u00f6\u00dfen erh\u00e4ltlich.<br \/>\n* Bedenken Sie immer die Einschr\u00e4nkungen dieser Stoffart und die Notwendigkeit, beim Bedrucken eine Tintenmigration zu verhindern.<br \/><img decoding=\"async\" src=\"https:\/\/static.gorfactory.es\/pics\/measures\/SU_HO.jpg\"><\/p>","protected":false},"excerpt":{"rendered":"<p>Classic sweatshirt with 1&#215;1 elastane rib in collar, cuffs and waistband. Reinforced covered seams in collar. Composition: 50% cotton \/<\/p>","protected":false},"featured_media":25285,"comment_status":"open","ping_status":"closed","template":"","meta":[],"product_cat":[485,484],"product_tag":[],"class_list":{"0":"post-25284","1":"product","2":"type-product","3":"status-publish","4":"has-post-thumbnail","6":"product_cat-swe","7":"product_cat-sud_cha","9":"first","10":"instock","11":"shipping-taxable","12":"purchasable","13":"product-type-variable"},"_links":{"self":[{"href":"https:\/\/www.promotio.sk\/de\/wp-json\/wp\/v2\/product\/25284","targetHints":{"allow":["GET"]}}],"collection":[{"href":"https:\/\/www.promotio.sk\/de\/wp-json\/wp\/v2\/product"}],"about":[{"href":"https:\/\/www.promotio.sk\/de\/wp-json\/wp\/v2\/types\/product"}],"replies":[{"embeddable":true,"href":"https:\/\/www.promotio.sk\/de\/wp-json\/wp\/v2\/comments?post=25284"}],"wp:featuredmedia":[{"embeddable":true,"href":"https:\/\/www.promotio.sk\/de\/wp-json\/wp\/v2\/media\/25285"}],"wp:attachment":[{"href":"https:\/\/www.promotio.sk\/de\/wp-json\/wp\/v2\/media?parent=25284"}],"wp:term":[{"taxonomy":"product_cat","embeddable":true,"href":"https:\/\/www.promotio.sk\/de\/wp-json\/wp\/v2\/product_cat?post=25284"},{"taxonomy":"product_tag","embeddable":true,"href":"https:\/\/www.promotio.sk\/de\/wp-json\/wp\/v2\/product_tag?post=25284"}],"curies":[{"name":"wp","href":"https:\/\/api.w.org\/{rel}","templated":true}]}}