{"id":25172,"date":"2024-03-11T08:49:09","date_gmt":"2024-03-11T07:49:09","guid":{"rendered":"https:\/\/www.promotio.sk\/shop\/nezaraden\u00e9\/urban-woman\/"},"modified":"2024-03-11T11:22:10","modified_gmt":"2024-03-11T10:22:10","slug":"urban-woman","status":"publish","type":"product","link":"https:\/\/www.promotio.sk\/de\/shop\/promo-clothing\/sud_cha\/swe\/urban-woman\/","title":{"rendered":"ST\u00c4DTISCHE FRAU"},"content":{"rendered":"<p>Tailliert geschnittenes Sweatshirt mit zweifarbiger Kapuze aus doppeltem Stoff, kontrastfarbenem verstellbarem Kordelzug, verdeckten N\u00e4hten im Kragen und K\u00e4ngurutasche f\u00fcr Damen. 1\u00d71 Elasthan-Ripp an B\u00fcndchen und Saum. Daumenschlitz-Detail. <br \/>Zusammensetzung: 50% Baumwolle \/ 50% Polyester, geb\u00fcrstetes Vlies, 280 g\/m\u00b2.<br \/>\nGrau meliert 58: 55% Baumwolle \/ 40% Polyester \/ 5% Viskose.<br \/>Anmerkungen: *Abnehmbares Etikett.<br \/>\n*Duo-Konzept.<br \/>\n<br \/><img decoding=\"async\" src=\"https:\/\/static.gorfactory.es\/pics\/measures\/SU1068.jpg\"><\/p>","protected":false},"excerpt":{"rendered":"<p>Fitted-cut sweatshirt with two-colour hood in double fabric, contrasting adjustable drawcord, covered seams in collar and kangaroo pocket for women.<\/p>","protected":false},"featured_media":25173,"comment_status":"open","ping_status":"closed","template":"","meta":[],"product_cat":[511,485,484],"product_tag":[],"class_list":{"0":"post-25172","1":"product","2":"type-product","3":"status-publish","4":"has-post-thumbnail","6":"product_cat-swe_h","7":"product_cat-swe","8":"product_cat-sud_cha","10":"first","11":"instock","12":"shipping-taxable","13":"purchasable","14":"product-type-variable"},"_links":{"self":[{"href":"https:\/\/www.promotio.sk\/de\/wp-json\/wp\/v2\/product\/25172","targetHints":{"allow":["GET"]}}],"collection":[{"href":"https:\/\/www.promotio.sk\/de\/wp-json\/wp\/v2\/product"}],"about":[{"href":"https:\/\/www.promotio.sk\/de\/wp-json\/wp\/v2\/types\/product"}],"replies":[{"embeddable":true,"href":"https:\/\/www.promotio.sk\/de\/wp-json\/wp\/v2\/comments?post=25172"}],"wp:featuredmedia":[{"embeddable":true,"href":"https:\/\/www.promotio.sk\/de\/wp-json\/wp\/v2\/media\/25173"}],"wp:attachment":[{"href":"https:\/\/www.promotio.sk\/de\/wp-json\/wp\/v2\/media?parent=25172"}],"wp:term":[{"taxonomy":"product_cat","embeddable":true,"href":"https:\/\/www.promotio.sk\/de\/wp-json\/wp\/v2\/product_cat?post=25172"},{"taxonomy":"product_tag","embeddable":true,"href":"https:\/\/www.promotio.sk\/de\/wp-json\/wp\/v2\/product_tag?post=25172"}],"curies":[{"name":"wp","href":"https:\/\/api.w.org\/{rel}","templated":true}]}}