{"id":24829,"date":"2024-03-11T08:26:36","date_gmt":"2024-03-11T07:26:36","guid":{"rendered":"https:\/\/www.promotio.sk\/shop\/nezaraden\u00e9\/urban\/"},"modified":"2024-03-11T11:22:27","modified_gmt":"2024-03-11T10:22:27","slug":"urban","status":"publish","type":"product","link":"https:\/\/www.promotio.sk\/de\/shop\/promo-clothing\/sud_cha\/swe\/urban\/","title":{"rendered":"URBAN"},"content":{"rendered":"<p>Zweifarbiger Hoodie aus doppeltem Stoff, kontrastfarbenem verstellbarem Kordelzug, verst\u00e4rkten verdeckten N\u00e4hten im Kragen und K\u00e4ngurutasche. 1\u00d71 Elasthanrippe an B\u00fcndchen und Bund. Kindergr\u00f6\u00dfen ohne Kordelzug. <br \/>Zusammensetzung: 50% Baumwolle \/ 50% Polyester, 280 g\/m\u00b2 geb\u00fcrstetes Vlies.<br \/>\nGrau meliert 58: 55% Baumwolle \/ 40% Polyester \/ 5% Viskose.<br \/>Anmerkungen: *Abnehmbares Etikett.<br \/>\n*Duo-Konzept.<br \/>\n*Kindergr\u00f6\u00dfen verf\u00fcgbar.<br \/>\n*Kinderhoodie ohne Kordelzug<br \/><img decoding=\"async\" src=\"https:\/\/static.gorfactory.es\/pics\/measures\/SU1067.jpg\"><\/p>","protected":false},"excerpt":{"rendered":"<p>Two-colour hoodie with double fabric, contrasting adjustable drawcord, reinforced covered seams in collar and kangaroo style pocket. 1&#215;1 elastane rib<\/p>","protected":false},"featured_media":24830,"comment_status":"open","ping_status":"closed","template":"","meta":[],"product_cat":[511,485,484],"product_tag":[],"class_list":{"0":"post-24829","1":"product","2":"type-product","3":"status-publish","4":"has-post-thumbnail","6":"product_cat-swe_h","7":"product_cat-swe","8":"product_cat-sud_cha","10":"first","11":"instock","12":"shipping-taxable","13":"purchasable","14":"product-type-variable"},"_links":{"self":[{"href":"https:\/\/www.promotio.sk\/de\/wp-json\/wp\/v2\/product\/24829","targetHints":{"allow":["GET"]}}],"collection":[{"href":"https:\/\/www.promotio.sk\/de\/wp-json\/wp\/v2\/product"}],"about":[{"href":"https:\/\/www.promotio.sk\/de\/wp-json\/wp\/v2\/types\/product"}],"replies":[{"embeddable":true,"href":"https:\/\/www.promotio.sk\/de\/wp-json\/wp\/v2\/comments?post=24829"}],"wp:featuredmedia":[{"embeddable":true,"href":"https:\/\/www.promotio.sk\/de\/wp-json\/wp\/v2\/media\/24830"}],"wp:attachment":[{"href":"https:\/\/www.promotio.sk\/de\/wp-json\/wp\/v2\/media?parent=24829"}],"wp:term":[{"taxonomy":"product_cat","embeddable":true,"href":"https:\/\/www.promotio.sk\/de\/wp-json\/wp\/v2\/product_cat?post=24829"},{"taxonomy":"product_tag","embeddable":true,"href":"https:\/\/www.promotio.sk\/de\/wp-json\/wp\/v2\/product_tag?post=24829"}],"curies":[{"name":"wp","href":"https:\/\/api.w.org\/{rel}","templated":true}]}}