{"id":24827,"date":"2024-03-11T08:26:30","date_gmt":"2024-03-11T07:26:30","guid":{"rendered":"https:\/\/www.promotio.sk\/shop\/nezaraden\u00e9\/badet\/"},"modified":"2024-03-11T11:22:44","modified_gmt":"2024-03-11T10:22:44","slug":"badet","status":"publish","type":"product","link":"https:\/\/www.promotio.sk\/de\/shop\/promo-clothing\/sud_cha\/swe\/badet\/","title":{"rendered":"BADET"},"content":{"rendered":"<p>Zweifarbiger Unisex-Hoodie. Kapuze mit \u00fcberkreuztem Halsausschnitt und Metall\u00f6sen. Kontrastfarbene Kapuzeninnenseite, Kordelzug und Raglan\u00e4rmel. K\u00e4ngurutasche. B\u00fcndchen und Saum aus 1X1 Elasthan-Rippstrick.<br \/>Zusammensetzung: 50% Baumwolle \/ 50% Polyester, geb\u00fcrstetes Vlies, 280 g\/m\u00b2.<br \/>\nFarbe Heather Grey: 55% Baumwolle \/ 40% Polyester \/ 5% Viskose.<br \/>Bemerkungen: * Abnehmbares Etikett.<br \/><img decoding=\"async\" src=\"https:\/\/static.gorfactory.es\/pics\/measures\/SU_HO.jpg\"><\/p>","protected":false},"excerpt":{"rendered":"<p>Two-colour unisex hoodie. Hood with crossed neck and metal eyelets. Contrasting inner hood, drawcord and raglan sleeves. Kangaroo pocket. Cuffs<\/p>","protected":false},"featured_media":24828,"comment_status":"open","ping_status":"closed","template":"","meta":[],"product_cat":[511,485,484],"product_tag":[],"class_list":{"0":"post-24827","1":"product","2":"type-product","3":"status-publish","4":"has-post-thumbnail","6":"product_cat-swe_h","7":"product_cat-swe","8":"product_cat-sud_cha","10":"first","11":"instock","12":"shipping-taxable","13":"purchasable","14":"product-type-variable"},"_links":{"self":[{"href":"https:\/\/www.promotio.sk\/de\/wp-json\/wp\/v2\/product\/24827","targetHints":{"allow":["GET"]}}],"collection":[{"href":"https:\/\/www.promotio.sk\/de\/wp-json\/wp\/v2\/product"}],"about":[{"href":"https:\/\/www.promotio.sk\/de\/wp-json\/wp\/v2\/types\/product"}],"replies":[{"embeddable":true,"href":"https:\/\/www.promotio.sk\/de\/wp-json\/wp\/v2\/comments?post=24827"}],"wp:featuredmedia":[{"embeddable":true,"href":"https:\/\/www.promotio.sk\/de\/wp-json\/wp\/v2\/media\/24828"}],"wp:attachment":[{"href":"https:\/\/www.promotio.sk\/de\/wp-json\/wp\/v2\/media?parent=24827"}],"wp:term":[{"taxonomy":"product_cat","embeddable":true,"href":"https:\/\/www.promotio.sk\/de\/wp-json\/wp\/v2\/product_cat?post=24827"},{"taxonomy":"product_tag","embeddable":true,"href":"https:\/\/www.promotio.sk\/de\/wp-json\/wp\/v2\/product_tag?post=24827"}],"curies":[{"name":"wp","href":"https:\/\/api.w.org\/{rel}","templated":true}]}}