{"id":24770,"date":"2024-03-11T08:23:47","date_gmt":"2024-03-11T07:23:47","guid":{"rendered":"https:\/\/www.promotio.sk\/shop\/nezaraden\u00e9\/luciane-woman\/"},"modified":"2024-03-11T21:31:07","modified_gmt":"2024-03-11T20:31:07","slug":"luciane-woman","status":"publish","type":"product","link":"https:\/\/www.promotio.sk\/de\/shop\/promo-clothing\/sud_cha\/swe\/luciane-woman\/","title":{"rendered":"LUCIANE FRAU"},"content":{"rendered":"<p>Sweatjacke aus Microfleece f\u00fcr Outdoor-Sportarten mit hohem Kragen, langen \u00c4rmeln und kontrastierender Rippe. Tasche mit kontrastierendem Rei\u00dfverschluss am linken \u00c4rmel und kontrastierender Rei\u00dfverschluss vorne. N\u00e4hte an den Seiten und auf der Brust. Ellbogensch\u00fctzer aus dem gleichen Stoff.<br \/>Zusammensetzung: 100% Mikrofleece-Polyester, 300 g\/m\u00b2.<br \/>Anmerkungen: *Abnehmbares Etikett.<br \/>\n*Duo-Konzept.<br \/><img decoding=\"async\" src=\"https:\/\/static.gorfactory.es\/pics\/measures\/SM1196.jpg\"><\/p>","protected":false},"excerpt":{"rendered":"<p>Micro fleece sweat jacket for outdoor sports with high collar, long sleeves and contrasting rib. Pocket with contrasting zip on<\/p>","protected":false},"featured_media":24771,"comment_status":"open","ping_status":"closed","template":"","meta":[],"product_cat":[512,485,484],"product_tag":[],"class_list":{"0":"post-24770","1":"product","2":"type-product","3":"status-publish","4":"has-post-thumbnail","6":"product_cat-pol","7":"product_cat-swe","8":"product_cat-sud_cha","10":"first","11":"instock","12":"shipping-taxable","13":"purchasable","14":"product-type-variable"},"_links":{"self":[{"href":"https:\/\/www.promotio.sk\/de\/wp-json\/wp\/v2\/product\/24770","targetHints":{"allow":["GET"]}}],"collection":[{"href":"https:\/\/www.promotio.sk\/de\/wp-json\/wp\/v2\/product"}],"about":[{"href":"https:\/\/www.promotio.sk\/de\/wp-json\/wp\/v2\/types\/product"}],"replies":[{"embeddable":true,"href":"https:\/\/www.promotio.sk\/de\/wp-json\/wp\/v2\/comments?post=24770"}],"wp:featuredmedia":[{"embeddable":true,"href":"https:\/\/www.promotio.sk\/de\/wp-json\/wp\/v2\/media\/24771"}],"wp:attachment":[{"href":"https:\/\/www.promotio.sk\/de\/wp-json\/wp\/v2\/media?parent=24770"}],"wp:term":[{"taxonomy":"product_cat","embeddable":true,"href":"https:\/\/www.promotio.sk\/de\/wp-json\/wp\/v2\/product_cat?post=24770"},{"taxonomy":"product_tag","embeddable":true,"href":"https:\/\/www.promotio.sk\/de\/wp-json\/wp\/v2\/product_tag?post=24770"}],"curies":[{"name":"wp","href":"https:\/\/api.w.org\/{rel}","templated":true}]}}