{"id":24625,"date":"2024-03-11T08:16:18","date_gmt":"2024-03-11T07:16:18","guid":{"rendered":"https:\/\/www.promotio.sk\/shop\/nezaraden\u00e9\/ulan\/"},"modified":"2024-03-11T08:22:36","modified_gmt":"2024-03-11T07:22:36","slug":"ulan","status":"publish","type":"product","link":"https:\/\/www.promotio.sk\/de\/shop\/promo-clothing\/sud_cha\/swe\/ulan\/","title":{"rendered":"ULAN"},"content":{"rendered":"<p>Sweatjacke mit hohem Kragen und passendem Rei\u00dfverschluss. Passender Innenkragen mit verst\u00e4rkten verdeckten N\u00e4hten. 1\u00d71 Rippstoff an B\u00fcndchen und Taille.<br \/>Zusammensetzung: 50% Baumwolle \/ 50% Polyester, geb\u00fcrstetes Vlies, 280 g\/m\u00b2.<br \/>\nFarbe Heather Grey (58): 55% Baumwolle \/ 40% Polyester \/ 5% Viskose.<br \/>Bemerkungen: * Abnehmbares Etikett.<br \/><img decoding=\"async\" src=\"https:\/\/static.gorfactory.es\/pics\/measures\/CQ_HOMU.jpg\"><\/p>","protected":false},"excerpt":{"rendered":"<p>High collar sweat jacket with matching zip. Matching inner collar with reinforced covered seams. 1&#215;1 ribbed fabric in cuffs and<\/p>","protected":false},"featured_media":24626,"comment_status":"open","ping_status":"closed","template":"","meta":[],"product_cat":[485,484],"product_tag":[],"class_list":{"0":"post-24625","1":"product","2":"type-product","3":"status-publish","4":"has-post-thumbnail","6":"product_cat-swe","7":"product_cat-sud_cha","9":"first","10":"instock","11":"shipping-taxable","12":"purchasable","13":"product-type-variable"},"_links":{"self":[{"href":"https:\/\/www.promotio.sk\/de\/wp-json\/wp\/v2\/product\/24625","targetHints":{"allow":["GET"]}}],"collection":[{"href":"https:\/\/www.promotio.sk\/de\/wp-json\/wp\/v2\/product"}],"about":[{"href":"https:\/\/www.promotio.sk\/de\/wp-json\/wp\/v2\/types\/product"}],"replies":[{"embeddable":true,"href":"https:\/\/www.promotio.sk\/de\/wp-json\/wp\/v2\/comments?post=24625"}],"wp:featuredmedia":[{"embeddable":true,"href":"https:\/\/www.promotio.sk\/de\/wp-json\/wp\/v2\/media\/24626"}],"wp:attachment":[{"href":"https:\/\/www.promotio.sk\/de\/wp-json\/wp\/v2\/media?parent=24625"}],"wp:term":[{"taxonomy":"product_cat","embeddable":true,"href":"https:\/\/www.promotio.sk\/de\/wp-json\/wp\/v2\/product_cat?post=24625"},{"taxonomy":"product_tag","embeddable":true,"href":"https:\/\/www.promotio.sk\/de\/wp-json\/wp\/v2\/product_tag?post=24625"}],"curies":[{"name":"wp","href":"https:\/\/api.w.org\/{rel}","templated":true}]}}