{"id":24441,"date":"2024-03-11T08:07:32","date_gmt":"2024-03-11T07:07:32","guid":{"rendered":"https:\/\/www.promotio.sk\/shop\/nezaraden\u00e9\/montblanc\/"},"modified":"2024-03-11T08:12:15","modified_gmt":"2024-03-11T07:12:15","slug":"montblanc","status":"publish","type":"product","link":"https:\/\/www.promotio.sk\/de\/shop\/promo-clothing\/sud_cha\/swe\/montblanc\/","title":{"rendered":"MONTBLANC"},"content":{"rendered":"<p>Sweatjacke mit Kapuze, hohem Kragen und durchgehendem Rei\u00dfverschluss. Gerippte Details in Kapuze und Taschenpaspelierung. K\u00e4ngurutasche. 2x2 Ripp an B\u00fcndchen und Taille.<br \/>Zusammensetzung: 50% Baumwolle \/ 50% Polyester, geb\u00fcrstetes Vlies, 280 g\/m\u00b2.<br \/>\n3% Elastan in den B\u00fcndchen.<br \/>\nGrau meliert 58: 55% Baumwolle \/ 40% Polyester \/ 5% Viskose.<br \/>Bemerkungen: *Kindergr\u00f6\u00dfen verf\u00fcgbar.<br \/>\n*Abnehmbares Etikett.<br \/><img decoding=\"async\" src=\"https:\/\/static.gorfactory.es\/pics\/measures\/CQ6421.jpg\"><\/p>","protected":false},"excerpt":{"rendered":"<p>Sweat hooded jacket with high neck and full zip. Ribbed detail in hood and pocket piping. Kangaroo style pocket. 2&#215;2<\/p>","protected":false},"featured_media":24442,"comment_status":"open","ping_status":"closed","template":"","meta":[],"product_cat":[485,484],"product_tag":[],"class_list":{"0":"post-24441","1":"product","2":"type-product","3":"status-publish","4":"has-post-thumbnail","6":"product_cat-swe","7":"product_cat-sud_cha","9":"first","10":"instock","11":"shipping-taxable","12":"purchasable","13":"product-type-variable"},"_links":{"self":[{"href":"https:\/\/www.promotio.sk\/de\/wp-json\/wp\/v2\/product\/24441","targetHints":{"allow":["GET"]}}],"collection":[{"href":"https:\/\/www.promotio.sk\/de\/wp-json\/wp\/v2\/product"}],"about":[{"href":"https:\/\/www.promotio.sk\/de\/wp-json\/wp\/v2\/types\/product"}],"replies":[{"embeddable":true,"href":"https:\/\/www.promotio.sk\/de\/wp-json\/wp\/v2\/comments?post=24441"}],"wp:featuredmedia":[{"embeddable":true,"href":"https:\/\/www.promotio.sk\/de\/wp-json\/wp\/v2\/media\/24442"}],"wp:attachment":[{"href":"https:\/\/www.promotio.sk\/de\/wp-json\/wp\/v2\/media?parent=24441"}],"wp:term":[{"taxonomy":"product_cat","embeddable":true,"href":"https:\/\/www.promotio.sk\/de\/wp-json\/wp\/v2\/product_cat?post=24441"},{"taxonomy":"product_tag","embeddable":true,"href":"https:\/\/www.promotio.sk\/de\/wp-json\/wp\/v2\/product_tag?post=24441"}],"curies":[{"name":"wp","href":"https:\/\/api.w.org\/{rel}","templated":true}]}}