{"id":24279,"date":"2024-03-10T22:10:45","date_gmt":"2024-03-10T21:10:45","guid":{"rendered":"https:\/\/www.promotio.sk\/shop\/nezaraden\u00e9\/artic\/"},"modified":"2024-03-11T21:32:03","modified_gmt":"2024-03-11T20:32:03","slug":"artic","status":"publish","type":"product","link":"https:\/\/www.promotio.sk\/de\/shop\/promo-clothing\/sud_cha\/swe\/artic\/","title":{"rendered":"ARTIKEL"},"content":{"rendered":"<p>Fleece-Sweatjacke mit hohem, gef\u00fcttertem Kragen und passenden, verst\u00e4rkten, verdeckten N\u00e4hten. Eingespritzter Rei\u00dfverschluss mit passendem Schieber aus Stoff. Seitentaschen. B\u00fcndchen mit elastischem Rand. Unterer Saum mit seitlichen Innenverstellern. <br \/>Zusammensetzung: 100% Polyester, Vlies, 300 g\/m\u00b2.<br \/>Bemerkungen: * Abnehmbares Etikett.<br \/>\n* Duo-Konzept.<br \/>\n* Kindergr\u00f6\u00dfen verf\u00fcgbar.<br \/><img decoding=\"async\" src=\"https:\/\/static.gorfactory.es\/pics\/measures\/CQ_HOMU.jpg\"><\/p>","protected":false},"excerpt":{"rendered":"<p>Fleece sweat jacket with high lined collar and matching reinforced covered seams. Injected zip with matching puller made of fabric.<\/p>","protected":false},"featured_media":24281,"comment_status":"open","ping_status":"closed","template":"","meta":[],"product_cat":[512,485,484],"product_tag":[],"class_list":{"0":"post-24279","1":"product","2":"type-product","3":"status-publish","4":"has-post-thumbnail","6":"product_cat-pol","7":"product_cat-swe","8":"product_cat-sud_cha","10":"first","11":"instock","12":"shipping-taxable","13":"purchasable","14":"product-type-variable"},"_links":{"self":[{"href":"https:\/\/www.promotio.sk\/de\/wp-json\/wp\/v2\/product\/24279","targetHints":{"allow":["GET"]}}],"collection":[{"href":"https:\/\/www.promotio.sk\/de\/wp-json\/wp\/v2\/product"}],"about":[{"href":"https:\/\/www.promotio.sk\/de\/wp-json\/wp\/v2\/types\/product"}],"replies":[{"embeddable":true,"href":"https:\/\/www.promotio.sk\/de\/wp-json\/wp\/v2\/comments?post=24279"}],"wp:featuredmedia":[{"embeddable":true,"href":"https:\/\/www.promotio.sk\/de\/wp-json\/wp\/v2\/media\/24281"}],"wp:attachment":[{"href":"https:\/\/www.promotio.sk\/de\/wp-json\/wp\/v2\/media?parent=24279"}],"wp:term":[{"taxonomy":"product_cat","embeddable":true,"href":"https:\/\/www.promotio.sk\/de\/wp-json\/wp\/v2\/product_cat?post=24279"},{"taxonomy":"product_tag","embeddable":true,"href":"https:\/\/www.promotio.sk\/de\/wp-json\/wp\/v2\/product_tag?post=24279"}],"curies":[{"name":"wp","href":"https:\/\/api.w.org\/{rel}","templated":true}]}}