{"id":24211,"date":"2024-03-10T22:07:31","date_gmt":"2024-03-10T21:07:31","guid":{"rendered":"https:\/\/www.promotio.sk\/shop\/nezaraden\u00e9\/elbrus\/"},"modified":"2024-03-10T22:10:43","modified_gmt":"2024-03-10T21:10:43","slug":"elbrus","status":"publish","type":"product","link":"https:\/\/www.promotio.sk\/de\/shop\/promo-clothing\/sud_cha\/swe\/elbrus\/","title":{"rendered":"ELBRUS"},"content":{"rendered":"<p>Lang\u00e4rmlige Sweatjacke aus geb\u00fcrstetem Fleece mit Stehkragen. Verst\u00e4rkte verdeckte N\u00e4hte im Innenkragen. Zentraler Rei\u00dfverschluss mit passendem Schieber. Seitentaschen. 1\u00d71 Rippstrick an B\u00fcndchen und Taille.<br \/>Zusammensetzung: 50% Baumwolle\/ 50% Polyester, geb\u00fcrstetes Vlies. 290 g\/m\u00b2.<br \/>Anmerkungen: *Abnehmbares Etikett.<br \/>\n<br \/><img decoding=\"async\" src=\"https:\/\/static.gorfactory.es\/pics\/measures\/CQ_HOMU.jpg\"><\/p>","protected":false},"excerpt":{"rendered":"<p>Long-sleeve brushed fleece sweat jacket with mandarine collar. Reinforced covered seams in inner collar. Central zip with matching puller. Side<\/p>","protected":false},"featured_media":24212,"comment_status":"open","ping_status":"closed","template":"","meta":[],"product_cat":[485,484],"product_tag":[],"class_list":{"0":"post-24211","1":"product","2":"type-product","3":"status-publish","4":"has-post-thumbnail","6":"product_cat-swe","7":"product_cat-sud_cha","9":"first","10":"instock","11":"shipping-taxable","12":"purchasable","13":"product-type-variable"},"_links":{"self":[{"href":"https:\/\/www.promotio.sk\/de\/wp-json\/wp\/v2\/product\/24211","targetHints":{"allow":["GET"]}}],"collection":[{"href":"https:\/\/www.promotio.sk\/de\/wp-json\/wp\/v2\/product"}],"about":[{"href":"https:\/\/www.promotio.sk\/de\/wp-json\/wp\/v2\/types\/product"}],"replies":[{"embeddable":true,"href":"https:\/\/www.promotio.sk\/de\/wp-json\/wp\/v2\/comments?post=24211"}],"wp:featuredmedia":[{"embeddable":true,"href":"https:\/\/www.promotio.sk\/de\/wp-json\/wp\/v2\/media\/24212"}],"wp:attachment":[{"href":"https:\/\/www.promotio.sk\/de\/wp-json\/wp\/v2\/media?parent=24211"}],"wp:term":[{"taxonomy":"product_cat","embeddable":true,"href":"https:\/\/www.promotio.sk\/de\/wp-json\/wp\/v2\/product_cat?post=24211"},{"taxonomy":"product_tag","embeddable":true,"href":"https:\/\/www.promotio.sk\/de\/wp-json\/wp\/v2\/product_tag?post=24211"}],"curies":[{"name":"wp","href":"https:\/\/api.w.org\/{rel}","templated":true}]}}