{"id":24186,"date":"2024-03-10T19:51:34","date_gmt":"2024-03-10T18:51:34","guid":{"rendered":"https:\/\/www.promotio.sk\/shop\/nezaraden\u00e9\/dummy\/"},"modified":"2024-03-10T19:52:35","modified_gmt":"2024-03-10T18:52:35","slug":"dummy","status":"publish","type":"product","link":"https:\/\/www.promotio.sk\/de\/shop\/promo-clothing\/tee-shirts\/cam\/dummy\/","title":{"rendered":"DUMMY"},"content":{"rendered":"<p>Geripptes Babyl\u00e4tzchen. Vorderseite aus Baumwollstoff und Kunststoff auf der R\u00fcckseite, um das Durchsickern von Fl\u00fcssigkeiten zu verhindern. Weicher seitlicher Klettverschluss.<br \/>Zusammensetzung: Vorderstoff: 90% Baumwolle, 10% Polyester, 180 g\/m\u00b2. Futter: 100% PEVA, 75 g\/m\u00b2.<br \/>Bemerkungen: *25 x 40 cm.<br \/>\n*Abnehmbares Etikett.<\/p>","protected":false},"excerpt":{"rendered":"<p>Ribbed baby bib. Front in cotton fabric and plastic at the back to avoid liquids soak through. Soft side velcro<\/p>","protected":false},"featured_media":24187,"comment_status":"open","ping_status":"closed","template":"","meta":[],"product_cat":[461,460],"product_tag":[],"class_list":{"0":"post-24186","1":"product","2":"type-product","3":"status-publish","4":"has-post-thumbnail","6":"product_cat-cam","7":"product_cat-tee-shirts","9":"first","10":"instock","11":"shipping-taxable","12":"purchasable","13":"product-type-variable"},"_links":{"self":[{"href":"https:\/\/www.promotio.sk\/de\/wp-json\/wp\/v2\/product\/24186","targetHints":{"allow":["GET"]}}],"collection":[{"href":"https:\/\/www.promotio.sk\/de\/wp-json\/wp\/v2\/product"}],"about":[{"href":"https:\/\/www.promotio.sk\/de\/wp-json\/wp\/v2\/types\/product"}],"replies":[{"embeddable":true,"href":"https:\/\/www.promotio.sk\/de\/wp-json\/wp\/v2\/comments?post=24186"}],"wp:featuredmedia":[{"embeddable":true,"href":"https:\/\/www.promotio.sk\/de\/wp-json\/wp\/v2\/media\/24187"}],"wp:attachment":[{"href":"https:\/\/www.promotio.sk\/de\/wp-json\/wp\/v2\/media?parent=24186"}],"wp:term":[{"taxonomy":"product_cat","embeddable":true,"href":"https:\/\/www.promotio.sk\/de\/wp-json\/wp\/v2\/product_cat?post=24186"},{"taxonomy":"product_tag","embeddable":true,"href":"https:\/\/www.promotio.sk\/de\/wp-json\/wp\/v2\/product_tag?post=24186"}],"curies":[{"name":"wp","href":"https:\/\/api.w.org\/{rel}","templated":true}]}}