{"id":24031,"date":"2024-03-10T19:43:54","date_gmt":"2024-03-10T18:43:54","guid":{"rendered":"https:\/\/www.promotio.sk\/shop\/nezaraden\u00e9\/imperium\/"},"modified":"2024-03-10T19:51:31","modified_gmt":"2024-03-10T18:51:31","slug":"imperium","status":"publish","type":"product","link":"https:\/\/www.promotio.sk\/de\/shop\/pol_s\/imperium\/","title":{"rendered":"IMPERIUM"},"content":{"rendered":"<p>Hochwertiges Kurzarm-Poloshirt aus angenehmer Qualit\u00e4t. Farblich passende 3-Knopfleiste im Kragen. Kragen und Manschetten im 1\u00d71-Ripp-Muster. Verst\u00e4rkte verdeckte N\u00e4hte im Nackeninneren. Seitenschlitze mit farblich passender Covernaht. Das Muster der R\u00fcckseite ist etwas l\u00e4nger als die Vorderseite. Doppelte N\u00e4hte an Schultern, \u00c4rmeln und Saum des Kleidungsst\u00fccks.<br \/>Zusammensetzung: 100% gek\u00e4mmte Baumwolle, Piqu\u00e9-Strick, 220 g\/m\u00b2.<br \/>\nGrau meliert 58: 85% Baumwolle \/ 15% Viskose.<br \/>Anmerkungen: *Abnehmbares Etikett.<br \/>\n*Optionale Tasche.<br \/><img decoding=\"async\" src=\"https:\/\/static.gorfactory.es\/pics\/measures\/PO_MC_HO.jpg\"><\/p>","protected":false},"excerpt":{"rendered":"<p>High quality short-sleeve polo shirt in comfortable fabric. Matching 3-button placket in collar. 1&#215;1 ribbed collar and cuffs. Reinforced covered<\/p>","protected":false},"featured_media":24032,"comment_status":"open","ping_status":"closed","template":"","meta":[],"product_cat":[434],"product_tag":[],"class_list":{"0":"post-24031","1":"product","2":"type-product","3":"status-publish","4":"has-post-thumbnail","6":"product_cat-pol_s","8":"first","9":"instock","10":"shipping-taxable","11":"purchasable","12":"product-type-variable"},"_links":{"self":[{"href":"https:\/\/www.promotio.sk\/de\/wp-json\/wp\/v2\/product\/24031","targetHints":{"allow":["GET"]}}],"collection":[{"href":"https:\/\/www.promotio.sk\/de\/wp-json\/wp\/v2\/product"}],"about":[{"href":"https:\/\/www.promotio.sk\/de\/wp-json\/wp\/v2\/types\/product"}],"replies":[{"embeddable":true,"href":"https:\/\/www.promotio.sk\/de\/wp-json\/wp\/v2\/comments?post=24031"}],"wp:featuredmedia":[{"embeddable":true,"href":"https:\/\/www.promotio.sk\/de\/wp-json\/wp\/v2\/media\/24032"}],"wp:attachment":[{"href":"https:\/\/www.promotio.sk\/de\/wp-json\/wp\/v2\/media?parent=24031"}],"wp:term":[{"taxonomy":"product_cat","embeddable":true,"href":"https:\/\/www.promotio.sk\/de\/wp-json\/wp\/v2\/product_cat?post=24031"},{"taxonomy":"product_tag","embeddable":true,"href":"https:\/\/www.promotio.sk\/de\/wp-json\/wp\/v2\/product_tag?post=24031"}],"curies":[{"name":"wp","href":"https:\/\/api.w.org\/{rel}","templated":true}]}}