{"id":23937,"date":"2024-03-10T19:38:54","date_gmt":"2024-03-10T18:38:54","guid":{"rendered":"https:\/\/www.promotio.sk\/shop\/nezaraden\u00e9\/baby-l-s\/"},"modified":"2024-03-10T19:43:51","modified_gmt":"2024-03-10T18:43:51","slug":"baby-l-s","status":"publish","type":"product","link":"https:\/\/www.promotio.sk\/de\/shop\/promo-clothing\/tee-shirts\/cam_w\/baby-l-s\/","title":{"rendered":"BABY L\/S"},"content":{"rendered":"<p>Lang\u00e4rmliges T-Shirt, speziell f\u00fcr Babys. Feinmaschiger Stoff mit verdichteter Verarbeitung. Rundhalsausschnitt und Knopfleiste an der Schulter mit Druckkn\u00f6pfen von Gr\u00f6\u00dfe 6M bis 18M. Gr\u00f6\u00dfe 2 Jahre ohne Knopfleiste an der Schulter. Seitenn\u00e4hte.<br \/>Zusammensetzung: 100% gek\u00e4mmte Baumwolle, Single Jersey, 160 g\/m\u00b2.<br \/>Anmerkungen: *Abnehmbares Etikett.<br \/><img decoding=\"async\" src=\"https:\/\/static.gorfactory.es\/pics\/measures\/CA_MC_HO.jpg\"><\/p>","protected":false},"excerpt":{"rendered":"<p>Long-sleeve t-shirt, special for babies. Fine gauge fabric with compacted finishing. Crew neck and placket in shoulder with snap buttons<\/p>","protected":false},"featured_media":23938,"comment_status":"open","ping_status":"closed","template":"","meta":[],"product_cat":[462,460],"product_tag":[],"class_list":{"0":"post-23937","1":"product","2":"type-product","3":"status-publish","4":"has-post-thumbnail","6":"product_cat-cam_w","7":"product_cat-tee-shirts","9":"first","10":"instock","11":"shipping-taxable","12":"purchasable","13":"product-type-variable"},"_links":{"self":[{"href":"https:\/\/www.promotio.sk\/de\/wp-json\/wp\/v2\/product\/23937","targetHints":{"allow":["GET"]}}],"collection":[{"href":"https:\/\/www.promotio.sk\/de\/wp-json\/wp\/v2\/product"}],"about":[{"href":"https:\/\/www.promotio.sk\/de\/wp-json\/wp\/v2\/types\/product"}],"replies":[{"embeddable":true,"href":"https:\/\/www.promotio.sk\/de\/wp-json\/wp\/v2\/comments?post=23937"}],"wp:featuredmedia":[{"embeddable":true,"href":"https:\/\/www.promotio.sk\/de\/wp-json\/wp\/v2\/media\/23938"}],"wp:attachment":[{"href":"https:\/\/www.promotio.sk\/de\/wp-json\/wp\/v2\/media?parent=23937"}],"wp:term":[{"taxonomy":"product_cat","embeddable":true,"href":"https:\/\/www.promotio.sk\/de\/wp-json\/wp\/v2\/product_cat?post=23937"},{"taxonomy":"product_tag","embeddable":true,"href":"https:\/\/www.promotio.sk\/de\/wp-json\/wp\/v2\/product_tag?post=23937"}],"curies":[{"name":"wp","href":"https:\/\/api.w.org\/{rel}","templated":true}]}}