{"id":23777,"date":"2024-03-10T19:30:34","date_gmt":"2024-03-10T18:30:34","guid":{"rendered":"https:\/\/www.promotio.sk\/shop\/nezaraden\u00e9\/sublima\/"},"modified":"2024-03-10T19:32:10","modified_gmt":"2024-03-10T18:32:10","slug":"sublima","status":"publish","type":"product","link":"https:\/\/www.promotio.sk\/de\/shop\/promo-clothing\/tee-shirts\/cam\/sublima\/","title":{"rendered":"SUBLIMA"},"content":{"rendered":"<p>Kurzarm-T-Shirt mit geripptem Rundhalsausschnitt aus dem gleichen Stoff und Seitenn\u00e4hten. Aus Polyestergewebe mit Baumwoll-Touch. Ideales T-Shirt f\u00fcr Sublimation.<br \/>Zusammensetzung: 100% Polyester, Baumwollhaptik, 150 g\/m\u00b2.<br \/>Bemerkungen: *Spezialsublimation.<br \/>\n*Kindergr\u00f6\u00dfen verf\u00fcgbar.<br \/>\n*Klebeetikett.<br \/>\n<br \/><img decoding=\"async\" src=\"https:\/\/static.gorfactory.es\/pics\/measures\/CA_MC_HO.jpg\"><\/p>","protected":false},"excerpt":{"rendered":"<p>Short-sleeve t-shirt with ribbed crew neck in the same fabric and side seams. Made of polyester fabric with cotton touch.<\/p>","protected":false},"featured_media":23778,"comment_status":"open","ping_status":"closed","template":"","meta":[],"product_cat":[461,460],"product_tag":[],"class_list":{"0":"post-23777","1":"product","2":"type-product","3":"status-publish","4":"has-post-thumbnail","6":"product_cat-cam","7":"product_cat-tee-shirts","9":"first","10":"instock","11":"shipping-taxable","12":"purchasable","13":"product-type-variable"},"_links":{"self":[{"href":"https:\/\/www.promotio.sk\/de\/wp-json\/wp\/v2\/product\/23777","targetHints":{"allow":["GET"]}}],"collection":[{"href":"https:\/\/www.promotio.sk\/de\/wp-json\/wp\/v2\/product"}],"about":[{"href":"https:\/\/www.promotio.sk\/de\/wp-json\/wp\/v2\/types\/product"}],"replies":[{"embeddable":true,"href":"https:\/\/www.promotio.sk\/de\/wp-json\/wp\/v2\/comments?post=23777"}],"wp:featuredmedia":[{"embeddable":true,"href":"https:\/\/www.promotio.sk\/de\/wp-json\/wp\/v2\/media\/23778"}],"wp:attachment":[{"href":"https:\/\/www.promotio.sk\/de\/wp-json\/wp\/v2\/media?parent=23777"}],"wp:term":[{"taxonomy":"product_cat","embeddable":true,"href":"https:\/\/www.promotio.sk\/de\/wp-json\/wp\/v2\/product_cat?post=23777"},{"taxonomy":"product_tag","embeddable":true,"href":"https:\/\/www.promotio.sk\/de\/wp-json\/wp\/v2\/product_tag?post=23777"}],"curies":[{"name":"wp","href":"https:\/\/api.w.org\/{rel}","templated":true}]}}