{"id":23502,"date":"2024-03-10T19:15:25","date_gmt":"2024-03-10T18:15:25","guid":{"rendered":"https:\/\/www.promotio.sk\/shop\/nezaraden\u00e9\/golden-woman\/"},"modified":"2024-03-10T19:30:26","modified_gmt":"2024-03-10T18:30:26","slug":"golden-woman","status":"publish","type":"product","link":"https:\/\/www.promotio.sk\/de\/shop\/promo-clothing\/tee-shirts\/cam\/golden-woman\/","title":{"rendered":"GOLDENE FRAU"},"content":{"rendered":"<p>Tailliertes Kurzarm-T-Shirt aus Bio-Baumwolle. Rundhalsausschnitt mit 1\u00d71 Rippe. Dekorative N\u00e4hte an Saum und \u00c4rmeln. Seitenn\u00e4hte.<br \/>Zusammensetzung: 100%, gek\u00e4mmte Bio-Baumwolle, Single Jersey.<br \/>\nFarbe: 160 g\/m\u00b2. Wei\u00df: 170 g\/m\u00b2.<br \/>\nGrau meliert, Farbe 58: 85% Bio-Baumwolle \/ 15% Viskose.<br \/>Bemerkungen: *\u00d6ko-Abziehetikett.<br \/>\n*Duo-Konzept.<br \/><img decoding=\"async\" src=\"https:\/\/static.gorfactory.es\/pics\/measures\/CA_MC_MU.jpg\"><\/p>","protected":false},"excerpt":{"rendered":"<p>Fitted short-sleeve t-shirt in organic cotton. Crew neck with 1&#215;1 rib. Decorative seams on hem and sleeves. Side seams.Composition: 100%<\/p>","protected":false},"featured_media":23503,"comment_status":"open","ping_status":"closed","template":"","meta":[],"product_cat":[461,460],"product_tag":[],"class_list":{"0":"post-23502","1":"product","2":"type-product","3":"status-publish","4":"has-post-thumbnail","6":"product_cat-cam","7":"product_cat-tee-shirts","9":"first","10":"instock","11":"shipping-taxable","12":"purchasable","13":"product-type-variable"},"_links":{"self":[{"href":"https:\/\/www.promotio.sk\/de\/wp-json\/wp\/v2\/product\/23502","targetHints":{"allow":["GET"]}}],"collection":[{"href":"https:\/\/www.promotio.sk\/de\/wp-json\/wp\/v2\/product"}],"about":[{"href":"https:\/\/www.promotio.sk\/de\/wp-json\/wp\/v2\/types\/product"}],"replies":[{"embeddable":true,"href":"https:\/\/www.promotio.sk\/de\/wp-json\/wp\/v2\/comments?post=23502"}],"wp:featuredmedia":[{"embeddable":true,"href":"https:\/\/www.promotio.sk\/de\/wp-json\/wp\/v2\/media\/23503"}],"wp:attachment":[{"href":"https:\/\/www.promotio.sk\/de\/wp-json\/wp\/v2\/media?parent=23502"}],"wp:term":[{"taxonomy":"product_cat","embeddable":true,"href":"https:\/\/www.promotio.sk\/de\/wp-json\/wp\/v2\/product_cat?post=23502"},{"taxonomy":"product_tag","embeddable":true,"href":"https:\/\/www.promotio.sk\/de\/wp-json\/wp\/v2\/product_tag?post=23502"}],"curies":[{"name":"wp","href":"https:\/\/api.w.org\/{rel}","templated":true}]}}