{"id":23451,"date":"2024-03-10T19:13:10","date_gmt":"2024-03-10T18:13:10","guid":{"rendered":"https:\/\/www.promotio.sk\/shop\/nezaraden\u00e9\/husky-woman\/"},"modified":"2024-03-10T19:15:18","modified_gmt":"2024-03-10T18:15:18","slug":"husky-woman","status":"publish","type":"product","link":"https:\/\/www.promotio.sk\/de\/shop\/promo-clothing\/tee-shirts\/cam\/husky-woman\/","title":{"rendered":"HUSKY-FRAU"},"content":{"rendered":"<p>Kurzarm-T-Shirt im Jeans-Look f\u00fcr Damen. 1\u00d71 gerippter Rundhalsausschnitt mit verst\u00e4rkten verdeckten N\u00e4hten von Schulter zu Schulter. Doppelnaht an Armausschnitten. \u00c4rmelschlitze mit Rollsaum.<br \/>Zusammensetzung: 100% Baumwolle, Single Jersey, 160 g\/m\u00b2.<br \/>Bemerkungen: Die Verarbeitung und der Farbton dieses Kleidungsst\u00fcckes k\u00f6nnen innerhalb derselben Bestellung variieren.<br \/>\n*Klebeetikett.<br \/>\n*Duo-Konzept. <br \/><img decoding=\"async\" src=\"https:\/\/static.gorfactory.es\/pics\/measures\/CA_MC_MU.jpg\"><\/p>","protected":false},"excerpt":{"rendered":"<p>Short-sleeve t-shirt in a jeans effect design for women. 1&#215;1 ribbed crew neck with reinforced covered seams from shoulder to<\/p>","protected":false},"featured_media":23452,"comment_status":"open","ping_status":"closed","template":"","meta":[],"product_cat":[461,460],"product_tag":[],"class_list":{"0":"post-23451","1":"product","2":"type-product","3":"status-publish","4":"has-post-thumbnail","6":"product_cat-cam","7":"product_cat-tee-shirts","9":"first","10":"instock","11":"shipping-taxable","12":"purchasable","13":"product-type-variable"},"_links":{"self":[{"href":"https:\/\/www.promotio.sk\/de\/wp-json\/wp\/v2\/product\/23451","targetHints":{"allow":["GET"]}}],"collection":[{"href":"https:\/\/www.promotio.sk\/de\/wp-json\/wp\/v2\/product"}],"about":[{"href":"https:\/\/www.promotio.sk\/de\/wp-json\/wp\/v2\/types\/product"}],"replies":[{"embeddable":true,"href":"https:\/\/www.promotio.sk\/de\/wp-json\/wp\/v2\/comments?post=23451"}],"wp:featuredmedia":[{"embeddable":true,"href":"https:\/\/www.promotio.sk\/de\/wp-json\/wp\/v2\/media\/23452"}],"wp:attachment":[{"href":"https:\/\/www.promotio.sk\/de\/wp-json\/wp\/v2\/media?parent=23451"}],"wp:term":[{"taxonomy":"product_cat","embeddable":true,"href":"https:\/\/www.promotio.sk\/de\/wp-json\/wp\/v2\/product_cat?post=23451"},{"taxonomy":"product_tag","embeddable":true,"href":"https:\/\/www.promotio.sk\/de\/wp-json\/wp\/v2\/product_tag?post=23451"}],"curies":[{"name":"wp","href":"https:\/\/api.w.org\/{rel}","templated":true}]}}