{"id":23299,"date":"2024-03-10T19:05:40","date_gmt":"2024-03-10T18:05:40","guid":{"rendered":"https:\/\/www.promotio.sk\/shop\/nezaraden\u00e9\/husky\/"},"modified":"2024-03-10T19:13:08","modified_gmt":"2024-03-10T18:13:08","slug":"husky","status":"publish","type":"product","link":"https:\/\/www.promotio.sk\/de\/shop\/promo-clothing\/tee-shirts\/cam\/husky\/","title":{"rendered":"HEISER"},"content":{"rendered":"<p>Kurz\u00e4rmliges T-Shirt im Jeans-Look. Rundhalsausschnitt mit 1x1-Rippung und innen verst\u00e4rkten, verdeckten N\u00e4hten von Schulter zu Schulter. Doppelnaht in den Armausschnitten. \u00c4rmel\u00f6ffnung mit Rollsaum.<br \/>Zusammensetzung: 100% Baumwolle, Single Jersey, 160 g\/m\u00b2.<br \/>Bemerkungen: Die Verarbeitung und der Farbton dieses Kleidungsst\u00fcckes k\u00f6nnen innerhalb derselben Bestellung variieren.<br \/>\n*Klebeetikett.<br \/>\n*Duo-Konzept. <br \/><img decoding=\"async\" src=\"https:\/\/static.gorfactory.es\/pics\/measures\/CA_MC_HO.jpg\"><\/p>","protected":false},"excerpt":{"rendered":"<p>Short-sleeve t-shirt in a jeans effect design. 1&#215;1 ribbed crew neck with interior reinforced covered seams from shoulder to shoulder.<\/p>","protected":false},"featured_media":23300,"comment_status":"open","ping_status":"closed","template":"","meta":[],"product_cat":[461,460],"product_tag":[],"class_list":{"0":"post-23299","1":"product","2":"type-product","3":"status-publish","4":"has-post-thumbnail","6":"product_cat-cam","7":"product_cat-tee-shirts","9":"first","10":"instock","11":"shipping-taxable","12":"purchasable","13":"product-type-variable"},"_links":{"self":[{"href":"https:\/\/www.promotio.sk\/de\/wp-json\/wp\/v2\/product\/23299","targetHints":{"allow":["GET"]}}],"collection":[{"href":"https:\/\/www.promotio.sk\/de\/wp-json\/wp\/v2\/product"}],"about":[{"href":"https:\/\/www.promotio.sk\/de\/wp-json\/wp\/v2\/types\/product"}],"replies":[{"embeddable":true,"href":"https:\/\/www.promotio.sk\/de\/wp-json\/wp\/v2\/comments?post=23299"}],"wp:featuredmedia":[{"embeddable":true,"href":"https:\/\/www.promotio.sk\/de\/wp-json\/wp\/v2\/media\/23300"}],"wp:attachment":[{"href":"https:\/\/www.promotio.sk\/de\/wp-json\/wp\/v2\/media?parent=23299"}],"wp:term":[{"taxonomy":"product_cat","embeddable":true,"href":"https:\/\/www.promotio.sk\/de\/wp-json\/wp\/v2\/product_cat?post=23299"},{"taxonomy":"product_tag","embeddable":true,"href":"https:\/\/www.promotio.sk\/de\/wp-json\/wp\/v2\/product_tag?post=23299"}],"curies":[{"name":"wp","href":"https:\/\/api.w.org\/{rel}","templated":true}]}}