{"id":22282,"date":"2024-03-10T17:53:34","date_gmt":"2024-03-10T16:53:34","guid":{"rendered":"https:\/\/www.promotio.sk\/shop\/nezaraden\u00e9\/victoria\/"},"modified":"2024-03-10T18:01:48","modified_gmt":"2024-03-10T17:01:48","slug":"victoria","status":"publish","type":"product","link":"https:\/\/www.promotio.sk\/de\/shop\/promo-clothing\/tee-shirts\/cam\/victoria\/","title":{"rendered":"VICTORIA"},"content":{"rendered":"<p>Kurzarm-T-Shirt mit V-Ausschnitt f\u00fcr Damen mit 1\u00d71-Rippb\u00fcndchen. Schmale Passform mit Seitenn\u00e4hten.<br \/>Zusammensetzung: 100% Baumwolle, Single Jersey, 155 g\/m\u00b2.<br \/>Anmerkungen: *Abnehmbares Etikett.<br \/>\n*F\u00fcr Herren erh\u00e4ltlich.<br \/><img decoding=\"async\" src=\"https:\/\/static.gorfactory.es\/pics\/measures\/CA_MC_MU.jpg\"><\/p>","protected":false},"excerpt":{"rendered":"<p>V-neck short-sleeve t-shirt for women with 1&#215;1 ribbed finishes. Slim-fit with side seams.Composition: 100% cotton, single jersey, 155 gsm.Remarks: *Removable<\/p>","protected":false},"featured_media":22283,"comment_status":"open","ping_status":"closed","template":"","meta":[],"product_cat":[461,460],"product_tag":[],"class_list":{"0":"post-22282","1":"product","2":"type-product","3":"status-publish","4":"has-post-thumbnail","6":"product_cat-cam","7":"product_cat-tee-shirts","9":"first","10":"instock","11":"shipping-taxable","12":"purchasable","13":"product-type-variable"},"_links":{"self":[{"href":"https:\/\/www.promotio.sk\/de\/wp-json\/wp\/v2\/product\/22282","targetHints":{"allow":["GET"]}}],"collection":[{"href":"https:\/\/www.promotio.sk\/de\/wp-json\/wp\/v2\/product"}],"about":[{"href":"https:\/\/www.promotio.sk\/de\/wp-json\/wp\/v2\/types\/product"}],"replies":[{"embeddable":true,"href":"https:\/\/www.promotio.sk\/de\/wp-json\/wp\/v2\/comments?post=22282"}],"wp:featuredmedia":[{"embeddable":true,"href":"https:\/\/www.promotio.sk\/de\/wp-json\/wp\/v2\/media\/22283"}],"wp:attachment":[{"href":"https:\/\/www.promotio.sk\/de\/wp-json\/wp\/v2\/media?parent=22282"}],"wp:term":[{"taxonomy":"product_cat","embeddable":true,"href":"https:\/\/www.promotio.sk\/de\/wp-json\/wp\/v2\/product_cat?post=22282"},{"taxonomy":"product_tag","embeddable":true,"href":"https:\/\/www.promotio.sk\/de\/wp-json\/wp\/v2\/product_tag?post=22282"}],"curies":[{"name":"wp","href":"https:\/\/api.w.org\/{rel}","templated":true}]}}