{"id":22220,"date":"2024-03-10T17:50:50","date_gmt":"2024-03-10T16:50:50","guid":{"rendered":"https:\/\/www.promotio.sk\/shop\/nezaraden\u00e9\/cies\/"},"modified":"2024-03-10T17:53:32","modified_gmt":"2024-03-10T16:53:32","slug":"cies","status":"publish","type":"product","link":"https:\/\/www.promotio.sk\/de\/shop\/promo-clothing\/tee-shirts\/cam\/cies\/","title":{"rendered":"CIES"},"content":{"rendered":"<p>Kurzarm-T-Shirt f\u00fcr Damen. Rundhalsausschnitt aus dem gleichen Stoff und passende verdeckte N\u00e4hte. Gerollter, an vier Stellen verst\u00e4rkter \u00c4rmelsaum.<br \/>Zusammensetzung: 100% Baumwolle, Single Jersey, 165 g\/m\u00b2.<br \/>Bemerkungen: * Abnehmbares Etikett.<br \/><img decoding=\"async\" src=\"https:\/\/static.gorfactory.es\/pics\/measures\/CA_MC_MU.jpg\"><\/p>","protected":false},"excerpt":{"rendered":"<p>Short-sleeve t-shirt for women. Crew neck in the same fabric and matching covered seams. Rolled hem in sleeves reinforced in<\/p>","protected":false},"featured_media":0,"comment_status":"open","ping_status":"closed","template":"","meta":[],"product_cat":[461,460],"product_tag":[],"class_list":{"0":"post-22220","1":"product","2":"type-product","3":"status-publish","5":"product_cat-cam","6":"product_cat-tee-shirts","8":"first","9":"instock","10":"shipping-taxable","11":"purchasable","12":"product-type-variable"},"_links":{"self":[{"href":"https:\/\/www.promotio.sk\/de\/wp-json\/wp\/v2\/product\/22220","targetHints":{"allow":["GET"]}}],"collection":[{"href":"https:\/\/www.promotio.sk\/de\/wp-json\/wp\/v2\/product"}],"about":[{"href":"https:\/\/www.promotio.sk\/de\/wp-json\/wp\/v2\/types\/product"}],"replies":[{"embeddable":true,"href":"https:\/\/www.promotio.sk\/de\/wp-json\/wp\/v2\/comments?post=22220"}],"wp:attachment":[{"href":"https:\/\/www.promotio.sk\/de\/wp-json\/wp\/v2\/media?parent=22220"}],"wp:term":[{"taxonomy":"product_cat","embeddable":true,"href":"https:\/\/www.promotio.sk\/de\/wp-json\/wp\/v2\/product_cat?post=22220"},{"taxonomy":"product_tag","embeddable":true,"href":"https:\/\/www.promotio.sk\/de\/wp-json\/wp\/v2\/product_tag?post=22220"}],"curies":[{"name":"wp","href":"https:\/\/api.w.org\/{rel}","templated":true}]}}