{"id":21868,"date":"2024-03-10T17:31:37","date_gmt":"2024-03-10T16:31:37","guid":{"rendered":"https:\/\/www.promotio.sk\/shop\/nezaraden\u00e9\/veza-woman\/"},"modified":"2024-03-10T17:34:35","modified_gmt":"2024-03-10T16:34:35","slug":"veza-woman","status":"publish","type":"product","link":"https:\/\/www.promotio.sk\/de\/shop\/promo-clothing\/tee-shirts\/cam\/veza-woman\/","title":{"rendered":"VEZA-FRAU"},"content":{"rendered":"<p>Dickes Kurzarm-T-Shirt f\u00fcr Damen aus Baumwolle. Breiter 2x1-Ripp-Rundhalsausschnitt und \u00c4rmelsaum. Verst\u00e4rkte verdeckte N\u00e4hte im Kragen. Seitenn\u00e4hte. Passendes Roly-Logo am linken Saum. Breite Naht am Saum.<br \/>Zusammensetzung: 100% Baumwolle, 210 g\/m\u00b2.<br \/>Bemerkungen: * Abl\u00f6sbares Etikett<br \/>\n* Duo-Konzept<br \/><img decoding=\"async\" src=\"https:\/\/static.gorfactory.es\/pics\/measures\/CA_MC_MU.jpg\"><\/p>","protected":false},"excerpt":{"rendered":"<p>Thick short-sleeve t-shirt for women in cotton. Wide 2&#215;1 ribbed crew neck and sleeve edging. Reinforced covered seams in collar.<\/p>","protected":false},"featured_media":21869,"comment_status":"open","ping_status":"closed","template":"","meta":[],"product_cat":[461,460],"product_tag":[],"class_list":{"0":"post-21868","1":"product","2":"type-product","3":"status-publish","4":"has-post-thumbnail","6":"product_cat-cam","7":"product_cat-tee-shirts","9":"first","10":"instock","11":"shipping-taxable","12":"purchasable","13":"product-type-variable"},"_links":{"self":[{"href":"https:\/\/www.promotio.sk\/de\/wp-json\/wp\/v2\/product\/21868","targetHints":{"allow":["GET"]}}],"collection":[{"href":"https:\/\/www.promotio.sk\/de\/wp-json\/wp\/v2\/product"}],"about":[{"href":"https:\/\/www.promotio.sk\/de\/wp-json\/wp\/v2\/types\/product"}],"replies":[{"embeddable":true,"href":"https:\/\/www.promotio.sk\/de\/wp-json\/wp\/v2\/comments?post=21868"}],"wp:featuredmedia":[{"embeddable":true,"href":"https:\/\/www.promotio.sk\/de\/wp-json\/wp\/v2\/media\/21869"}],"wp:attachment":[{"href":"https:\/\/www.promotio.sk\/de\/wp-json\/wp\/v2\/media?parent=21868"}],"wp:term":[{"taxonomy":"product_cat","embeddable":true,"href":"https:\/\/www.promotio.sk\/de\/wp-json\/wp\/v2\/product_cat?post=21868"},{"taxonomy":"product_tag","embeddable":true,"href":"https:\/\/www.promotio.sk\/de\/wp-json\/wp\/v2\/product_tag?post=21868"}],"curies":[{"name":"wp","href":"https:\/\/api.w.org\/{rel}","templated":true}]}}