{"id":21221,"date":"2024-03-10T16:48:42","date_gmt":"2024-03-10T15:48:42","guid":{"rendered":"https:\/\/www.promotio.sk\/shop\/nezaraden\u00e9\/braco\/"},"modified":"2024-03-10T17:27:38","modified_gmt":"2024-03-10T16:27:38","slug":"braco","status":"publish","type":"product","link":"https:\/\/www.promotio.sk\/de\/shop\/promo-clothing\/tee-shirts\/cam\/braco\/","title":{"rendered":"BRACO"},"content":{"rendered":"<p>Kurz\u00e4rmeliges T-Shirt aus feinmaschigem Stoff mit verdichteter Verarbeitung. 4-lagiger Rundhalsausschnitt und verst\u00e4rkte verdeckte N\u00e4hte an Kragen und Schultern. Seitenn\u00e4hte.<br \/>\n<br \/>Zusammensetzung: 100% gek\u00e4mmte Baumwolle, Single Jersey, 180 g\/m\u00b2.<br \/>\nGrau meliert 58: 85% Baumwolle \/ 15% Viskose. <br \/>Bemerkungen: *Gr\u00f6\u00dfen 4XL und 5XL erh\u00e4ltlich in Farbe Wei\u00df 01.<br \/>\n*Kinder: Kartons mit 100 St\u00fcck.<br \/>\n*Abnehmbares Etikett.<br \/>\n*Kindergr\u00f6\u00dfen verf\u00fcgbar.<br \/>\n<br \/><img decoding=\"async\" src=\"https:\/\/static.gorfactory.es\/pics\/measures\/CA_MC_HO.jpg\"><\/p>","protected":false},"excerpt":{"rendered":"<p>Short-sleeve t-shirt in fine gauge fabric and compacted finishing. 4-layer crew neck and reinforced covered seams in collar and shoulders.<\/p>","protected":false},"featured_media":21222,"comment_status":"open","ping_status":"closed","template":"","meta":[],"product_cat":[461,460],"product_tag":[],"class_list":{"0":"post-21221","1":"product","2":"type-product","3":"status-publish","4":"has-post-thumbnail","6":"product_cat-cam","7":"product_cat-tee-shirts","9":"first","10":"instock","11":"shipping-taxable","12":"purchasable","13":"product-type-variable"},"_links":{"self":[{"href":"https:\/\/www.promotio.sk\/de\/wp-json\/wp\/v2\/product\/21221","targetHints":{"allow":["GET"]}}],"collection":[{"href":"https:\/\/www.promotio.sk\/de\/wp-json\/wp\/v2\/product"}],"about":[{"href":"https:\/\/www.promotio.sk\/de\/wp-json\/wp\/v2\/types\/product"}],"replies":[{"embeddable":true,"href":"https:\/\/www.promotio.sk\/de\/wp-json\/wp\/v2\/comments?post=21221"}],"wp:featuredmedia":[{"embeddable":true,"href":"https:\/\/www.promotio.sk\/de\/wp-json\/wp\/v2\/media\/21222"}],"wp:attachment":[{"href":"https:\/\/www.promotio.sk\/de\/wp-json\/wp\/v2\/media?parent=21221"}],"wp:term":[{"taxonomy":"product_cat","embeddable":true,"href":"https:\/\/www.promotio.sk\/de\/wp-json\/wp\/v2\/product_cat?post=21221"},{"taxonomy":"product_tag","embeddable":true,"href":"https:\/\/www.promotio.sk\/de\/wp-json\/wp\/v2\/product_tag?post=21221"}],"curies":[{"name":"wp","href":"https:\/\/api.w.org\/{rel}","templated":true}]}}