{"id":21045,"date":"2024-03-10T16:40:12","date_gmt":"2024-03-10T15:40:12","guid":{"rendered":"https:\/\/www.promotio.sk\/shop\/nezaraden\u00e9\/nara\/"},"modified":"2024-03-10T16:48:40","modified_gmt":"2024-03-10T15:48:40","slug":"nara","status":"publish","type":"product","link":"https:\/\/www.promotio.sk\/de\/shop\/promo-clothing\/tee-shirts\/cat\/nara\/","title":{"rendered":"NARA"},"content":{"rendered":"<p>Lockeres T-Shirt f\u00fcr Damen mit breiten Tr\u00e4gern. 1\u00d71 Rippb\u00fcndchen an Halsausschnitt und Armausschnitten. Runder Saum. Seitenn\u00e4hte.<br \/>\n<br \/>Zusammensetzung: 100% Baumwolle, 150 g\/m\u00b2.<br \/>\nHeather Grey 58: 85% Baumwolle und 15% Viskose.<br \/>\n<br \/>Bemerkungen: * Abl\u00f6sbares Etikett<br \/><img decoding=\"async\" src=\"https:\/\/static.gorfactory.es\/pics\/measures\/CA_MC_MU.jpg\"><\/p>","protected":false},"excerpt":{"rendered":"<p>Loose t-shirt for women with wide straps. 1&#215;1 ribbed neckline and armholes. Round-shaped hem. Side seams. Composition: 100% cotton, 150<\/p>","protected":false},"featured_media":21046,"comment_status":"open","ping_status":"closed","template":"","meta":[],"product_cat":[460,463],"product_tag":[],"class_list":{"0":"post-21045","1":"product","2":"type-product","3":"status-publish","4":"has-post-thumbnail","6":"product_cat-tee-shirts","7":"product_cat-cat","9":"first","10":"instock","11":"shipping-taxable","12":"purchasable","13":"product-type-variable"},"_links":{"self":[{"href":"https:\/\/www.promotio.sk\/de\/wp-json\/wp\/v2\/product\/21045","targetHints":{"allow":["GET"]}}],"collection":[{"href":"https:\/\/www.promotio.sk\/de\/wp-json\/wp\/v2\/product"}],"about":[{"href":"https:\/\/www.promotio.sk\/de\/wp-json\/wp\/v2\/types\/product"}],"replies":[{"embeddable":true,"href":"https:\/\/www.promotio.sk\/de\/wp-json\/wp\/v2\/comments?post=21045"}],"wp:featuredmedia":[{"embeddable":true,"href":"https:\/\/www.promotio.sk\/de\/wp-json\/wp\/v2\/media\/21046"}],"wp:attachment":[{"href":"https:\/\/www.promotio.sk\/de\/wp-json\/wp\/v2\/media?parent=21045"}],"wp:term":[{"taxonomy":"product_cat","embeddable":true,"href":"https:\/\/www.promotio.sk\/de\/wp-json\/wp\/v2\/product_cat?post=21045"},{"taxonomy":"product_tag","embeddable":true,"href":"https:\/\/www.promotio.sk\/de\/wp-json\/wp\/v2\/product_tag?post=21045"}],"curies":[{"name":"wp","href":"https:\/\/api.w.org\/{rel}","templated":true}]}}