{"id":20619,"date":"2024-03-10T16:19:31","date_gmt":"2024-03-10T15:19:31","guid":{"rendered":"https:\/\/www.promotio.sk\/shop\/nezaraden\u00e9\/samoyedo\/"},"modified":"2024-03-10T16:25:28","modified_gmt":"2024-03-10T15:25:28","slug":"samoyedo","status":"publish","type":"product","link":"https:\/\/www.promotio.sk\/de\/shop\/promo-clothing\/tee-shirts\/cam\/samoyedo\/","title":{"rendered":"SAMOJEDO"},"content":{"rendered":"<p>Schlauchf\u00f6rmiges Kurzarm-T-Shirt mit 2-lagigem V-Ausschnitt. Verst\u00e4rkte verdeckte N\u00e4hte an Kragen und Schultern.<br \/>Zusammensetzung: 100% Baumwolle, Single Jersey 155 g\/m\u00b2.<br \/>\nGrau meliert 58: 85% Baumwolle \/ 15% Viskose. <br \/>Bemerkungen: * Gr\u00f6\u00dfe 3XL: In allen Farben verf\u00fcgbar.<br \/>\n*Abnehmbares Etikett.<br \/><img decoding=\"async\" src=\"https:\/\/static.gorfactory.es\/pics\/measures\/CA_MC_HO.jpg\"><\/p>","protected":false},"excerpt":{"rendered":"<p>Tubular short-sleeve t-shirt with 2-layer v-neck. Reinforced covered seams in collar and shoulders.Composition: 100% cotton, single jersey 155 gsm. Heather<\/p>","protected":false},"featured_media":20620,"comment_status":"open","ping_status":"closed","template":"","meta":[],"product_cat":[461,460],"product_tag":[],"class_list":{"0":"post-20619","1":"product","2":"type-product","3":"status-publish","4":"has-post-thumbnail","6":"product_cat-cam","7":"product_cat-tee-shirts","9":"first","10":"instock","11":"shipping-taxable","12":"purchasable","13":"product-type-variable"},"_links":{"self":[{"href":"https:\/\/www.promotio.sk\/de\/wp-json\/wp\/v2\/product\/20619","targetHints":{"allow":["GET"]}}],"collection":[{"href":"https:\/\/www.promotio.sk\/de\/wp-json\/wp\/v2\/product"}],"about":[{"href":"https:\/\/www.promotio.sk\/de\/wp-json\/wp\/v2\/types\/product"}],"replies":[{"embeddable":true,"href":"https:\/\/www.promotio.sk\/de\/wp-json\/wp\/v2\/comments?post=20619"}],"wp:featuredmedia":[{"embeddable":true,"href":"https:\/\/www.promotio.sk\/de\/wp-json\/wp\/v2\/media\/20620"}],"wp:attachment":[{"href":"https:\/\/www.promotio.sk\/de\/wp-json\/wp\/v2\/media?parent=20619"}],"wp:term":[{"taxonomy":"product_cat","embeddable":true,"href":"https:\/\/www.promotio.sk\/de\/wp-json\/wp\/v2\/product_cat?post=20619"},{"taxonomy":"product_tag","embeddable":true,"href":"https:\/\/www.promotio.sk\/de\/wp-json\/wp\/v2\/product_tag?post=20619"}],"curies":[{"name":"wp","href":"https:\/\/api.w.org\/{rel}","templated":true}]}}