{"id":20160,"date":"2024-03-10T15:47:10","date_gmt":"2024-03-10T14:47:10","guid":{"rendered":"https:\/\/www.promotio.sk\/shop\/nezaraden\u00e9\/dogo-premium\/"},"modified":"2024-03-10T21:12:23","modified_gmt":"2024-03-10T20:12:23","slug":"dogo-premium","status":"publish","type":"product","link":"https:\/\/www.promotio.sk\/de\/shop\/promo-clothing\/tee-shirts\/cam\/dogo-premium\/","title":{"rendered":"DOGO PREMIUM"},"content":{"rendered":"<p>Kurzarm-T-Shirt mit 4-lagigem Rundhalsausschnitt und verst\u00e4rkten verdeckten N\u00e4hten an Kragen und Schultern. Seitenn\u00e4hte.<br \/>\nZusammensetzung: 100% Baumwolle, Single Jersey, 165 g\/m\u00b2.<br \/>\nGrau meliert 58: 85% Baumwolle \/ 15% Viskose.<br \/>\nBemerkungen: *Gr\u00f6\u00dfe 4XL nur in den Farben: Wei\u00df 01, Schwarz 02, Marine 55, Flaschengr\u00fcn 56, Royal 05 und Heather Grey 58.<br \/>\n*Gr\u00f6\u00dfe 5XL erh\u00e4ltlich in den Farben Wei\u00df 01 und Schwarz 02.<br \/>\n*Abnehmbares Etikett.<br \/>\n*Kindergr\u00f6\u00dfen verf\u00fcgbar.<br \/>\n*F\u00fcr Damen erh\u00e4ltlich.<br \/>\n<img decoding=\"async\" src=\"https:\/\/static.gorfactory.es\/pics\/measures\/CA_MC_HO.jpg\" \/><\/p>","protected":false},"excerpt":{"rendered":"<p>Short-sleeve t-shirt with 4-layer crew neck and reinforced covered seams in collar and shoulders. Side seams. Composition: 100% cotton, single<\/p>","protected":false},"featured_media":20161,"comment_status":"open","ping_status":"closed","template":"","meta":[],"product_cat":[461,460],"product_tag":[],"class_list":{"0":"post-20160","1":"product","2":"type-product","3":"status-publish","4":"has-post-thumbnail","6":"product_cat-cam","7":"product_cat-tee-shirts","9":"first","10":"instock","11":"shipping-taxable","12":"purchasable","13":"product-type-variable"},"_links":{"self":[{"href":"https:\/\/www.promotio.sk\/de\/wp-json\/wp\/v2\/product\/20160","targetHints":{"allow":["GET"]}}],"collection":[{"href":"https:\/\/www.promotio.sk\/de\/wp-json\/wp\/v2\/product"}],"about":[{"href":"https:\/\/www.promotio.sk\/de\/wp-json\/wp\/v2\/types\/product"}],"replies":[{"embeddable":true,"href":"https:\/\/www.promotio.sk\/de\/wp-json\/wp\/v2\/comments?post=20160"}],"wp:featuredmedia":[{"embeddable":true,"href":"https:\/\/www.promotio.sk\/de\/wp-json\/wp\/v2\/media\/20161"}],"wp:attachment":[{"href":"https:\/\/www.promotio.sk\/de\/wp-json\/wp\/v2\/media?parent=20160"}],"wp:term":[{"taxonomy":"product_cat","embeddable":true,"href":"https:\/\/www.promotio.sk\/de\/wp-json\/wp\/v2\/product_cat?post=20160"},{"taxonomy":"product_tag","embeddable":true,"href":"https:\/\/www.promotio.sk\/de\/wp-json\/wp\/v2\/product_tag?post=20160"}],"curies":[{"name":"wp","href":"https:\/\/api.w.org\/{rel}","templated":true}]}}