{"id":20158,"date":"2024-03-10T15:47:07","date_gmt":"2024-03-10T14:47:07","guid":{"rendered":"https:\/\/www.promotio.sk\/shop\/nezaraden\u00e9\/atomic-150\/"},"modified":"2024-03-10T16:19:29","modified_gmt":"2024-03-10T15:19:29","slug":"atomic-150","status":"publish","type":"product","link":"https:\/\/www.promotio.sk\/de\/shop\/promo-clothing\/tee-shirts\/cam\/atomic-150\/","title":{"rendered":"ATOMIC 150"},"content":{"rendered":"<p>Schlauchf\u00f6rmiges T-Shirt mit kurzen \u00c4rmeln. Rundhalsausschnitt mit 1x1-Rippung und verdeckten Innenn\u00e4hten.<br \/>\nPerfektes T-Shirt zum Bedrucken.<br \/>Zusammensetzung: 100% Baumwolle, Single Jersey, 150 g\/m\u00b2.<br \/>\nGrau meliert 58: 85% Baumwolle \/ 15% Viskose.<br \/>Bemerkungen: * Die Qualit\u00e4t und Farben dieses Modells entsprechen nicht den markeneigenen Standards.<br \/><img decoding=\"async\" src=\"https:\/\/static.gorfactory.es\/pics\/measures\/CA_MC_HO.jpg\"><\/p>","protected":false},"excerpt":{"rendered":"<p>Tubular short-sleeve t-shirt. 1&#215;1 ribbed crew neck with inner covered seams. Perfect t-shirt for printing.Composition: 100% cotton, single jersey, 150<\/p>","protected":false},"featured_media":20159,"comment_status":"open","ping_status":"closed","template":"","meta":[],"product_cat":[461,460],"product_tag":[],"class_list":{"0":"post-20158","1":"product","2":"type-product","3":"status-publish","4":"has-post-thumbnail","6":"product_cat-cam","7":"product_cat-tee-shirts","9":"first","10":"instock","11":"shipping-taxable","12":"purchasable","13":"product-type-variable"},"_links":{"self":[{"href":"https:\/\/www.promotio.sk\/de\/wp-json\/wp\/v2\/product\/20158","targetHints":{"allow":["GET"]}}],"collection":[{"href":"https:\/\/www.promotio.sk\/de\/wp-json\/wp\/v2\/product"}],"about":[{"href":"https:\/\/www.promotio.sk\/de\/wp-json\/wp\/v2\/types\/product"}],"replies":[{"embeddable":true,"href":"https:\/\/www.promotio.sk\/de\/wp-json\/wp\/v2\/comments?post=20158"}],"wp:featuredmedia":[{"embeddable":true,"href":"https:\/\/www.promotio.sk\/de\/wp-json\/wp\/v2\/media\/20159"}],"wp:attachment":[{"href":"https:\/\/www.promotio.sk\/de\/wp-json\/wp\/v2\/media?parent=20158"}],"wp:term":[{"taxonomy":"product_cat","embeddable":true,"href":"https:\/\/www.promotio.sk\/de\/wp-json\/wp\/v2\/product_cat?post=20158"},{"taxonomy":"product_tag","embeddable":true,"href":"https:\/\/www.promotio.sk\/de\/wp-json\/wp\/v2\/product_tag?post=20158"}],"curies":[{"name":"wp","href":"https:\/\/api.w.org\/{rel}","templated":true}]}}