{"id":20030,"date":"2024-03-10T15:39:47","date_gmt":"2024-03-10T14:39:47","guid":{"rendered":"https:\/\/www.promotio.sk\/shop\/nezaraden\u00e9\/shiba\/"},"modified":"2024-03-10T15:47:05","modified_gmt":"2024-03-10T14:47:05","slug":"shiba","status":"publish","type":"product","link":"https:\/\/www.promotio.sk\/de\/shop\/promo-clothing\/tee-shirts\/cam_w\/shiba\/","title":{"rendered":"SHIBA"},"content":{"rendered":"<p>Lang\u00e4rmliges T-Shirt mit Rundhalsausschnitt und B\u00fcndchen in 1\u00d71 Rippe. Tasche auf der linken Brust. Verst\u00e4rkte verdeckte N\u00e4hte an Hals und Schultern.<br \/>Zusammensetzung: 100% Baumwolle, 165 g\/m\u00b2.<br \/>Anmerkungen: *Abnehmbares Etikett.<br \/><img decoding=\"async\" src=\"https:\/\/static.gorfactory.es\/pics\/measures\/CA_MC_HO.jpg\"><\/p>","protected":false},"excerpt":{"rendered":"<p>Long-sleeve t-shirt with crew neck and cuffs in 1&#215;1 rib. Pocket on left chest. Reinforced covered seams in neck and<\/p>","protected":false},"featured_media":20031,"comment_status":"open","ping_status":"closed","template":"","meta":[],"product_cat":[462,460],"product_tag":[],"class_list":{"0":"post-20030","1":"product","2":"type-product","3":"status-publish","4":"has-post-thumbnail","6":"product_cat-cam_w","7":"product_cat-tee-shirts","9":"first","10":"instock","11":"shipping-taxable","12":"purchasable","13":"product-type-variable"},"_links":{"self":[{"href":"https:\/\/www.promotio.sk\/de\/wp-json\/wp\/v2\/product\/20030","targetHints":{"allow":["GET"]}}],"collection":[{"href":"https:\/\/www.promotio.sk\/de\/wp-json\/wp\/v2\/product"}],"about":[{"href":"https:\/\/www.promotio.sk\/de\/wp-json\/wp\/v2\/types\/product"}],"replies":[{"embeddable":true,"href":"https:\/\/www.promotio.sk\/de\/wp-json\/wp\/v2\/comments?post=20030"}],"wp:featuredmedia":[{"embeddable":true,"href":"https:\/\/www.promotio.sk\/de\/wp-json\/wp\/v2\/media\/20031"}],"wp:attachment":[{"href":"https:\/\/www.promotio.sk\/de\/wp-json\/wp\/v2\/media?parent=20030"}],"wp:term":[{"taxonomy":"product_cat","embeddable":true,"href":"https:\/\/www.promotio.sk\/de\/wp-json\/wp\/v2\/product_cat?post=20030"},{"taxonomy":"product_tag","embeddable":true,"href":"https:\/\/www.promotio.sk\/de\/wp-json\/wp\/v2\/product_tag?post=20030"}],"curies":[{"name":"wp","href":"https:\/\/api.w.org\/{rel}","templated":true}]}}