{"id":19816,"date":"2024-03-10T15:26:47","date_gmt":"2024-03-10T14:26:47","guid":{"rendered":"https:\/\/www.promotio.sk\/shop\/nezaraden\u00e9\/extreme\/"},"modified":"2024-03-10T15:38:43","modified_gmt":"2024-03-10T14:38:43","slug":"extreme","status":"publish","type":"product","link":"https:\/\/www.promotio.sk\/de\/shop\/promo-clothing\/tee-shirts\/cam_w\/extreme\/","title":{"rendered":"EXTREME"},"content":{"rendered":"<p>Langarm-T-Shirt aus Schlauchware mit 4-lagigem Rundhalsausschnitt. Verst\u00e4rkte verdeckte N\u00e4hte an Kragen und Schultern. Keine B\u00fcndchen.<br \/>Zusammensetzung: 100% Baumwolle, Single Jersey, 160 g\/m\u00b2.<br \/>\nGrau meliert 58: 85% Baumwolle \/ 15% Viskose.<br \/>Anmerkungen: *Abnehmbares Etikett.<br \/>\n*Duo-Konzept.<br \/>\n*Schlauchdesign in Erwachsenengr\u00f6\u00dfen und Seitenn\u00e4hte in Kindergr\u00f6\u00dfen.<br \/>\n<br \/><img decoding=\"async\" src=\"https:\/\/static.gorfactory.es\/pics\/measures\/CA_MC_HO.jpg\"><\/p>","protected":false},"excerpt":{"rendered":"<p>Long-sleeve t-shirt in tubular fabric and 4-layer crew neck. Reinforced covered seams in collar and shoulders. No cuffs.Composition: 100% cotton,<\/p>","protected":false},"featured_media":19817,"comment_status":"open","ping_status":"closed","template":"","meta":[],"product_cat":[462,460],"product_tag":[],"class_list":{"0":"post-19816","1":"product","2":"type-product","3":"status-publish","4":"has-post-thumbnail","6":"product_cat-cam_w","7":"product_cat-tee-shirts","9":"first","10":"instock","11":"shipping-taxable","12":"purchasable","13":"product-type-variable"},"_links":{"self":[{"href":"https:\/\/www.promotio.sk\/de\/wp-json\/wp\/v2\/product\/19816","targetHints":{"allow":["GET"]}}],"collection":[{"href":"https:\/\/www.promotio.sk\/de\/wp-json\/wp\/v2\/product"}],"about":[{"href":"https:\/\/www.promotio.sk\/de\/wp-json\/wp\/v2\/types\/product"}],"replies":[{"embeddable":true,"href":"https:\/\/www.promotio.sk\/de\/wp-json\/wp\/v2\/comments?post=19816"}],"wp:featuredmedia":[{"embeddable":true,"href":"https:\/\/www.promotio.sk\/de\/wp-json\/wp\/v2\/media\/19817"}],"wp:attachment":[{"href":"https:\/\/www.promotio.sk\/de\/wp-json\/wp\/v2\/media?parent=19816"}],"wp:term":[{"taxonomy":"product_cat","embeddable":true,"href":"https:\/\/www.promotio.sk\/de\/wp-json\/wp\/v2\/product_cat?post=19816"},{"taxonomy":"product_tag","embeddable":true,"href":"https:\/\/www.promotio.sk\/de\/wp-json\/wp\/v2\/product_tag?post=19816"}],"curies":[{"name":"wp","href":"https:\/\/api.w.org\/{rel}","templated":true}]}}