{"id":19814,"date":"2024-03-10T15:26:43","date_gmt":"2024-03-10T14:26:43","guid":{"rendered":"https:\/\/www.promotio.sk\/shop\/nezaraden\u00e9\/pointer-child\/"},"modified":"2024-03-10T15:39:42","modified_gmt":"2024-03-10T14:39:42","slug":"pointer-child","status":"publish","type":"product","link":"https:\/\/www.promotio.sk\/de\/shop\/promo-clothing\/tee-shirts\/cam_w\/pointer-child\/","title":{"rendered":"ZEIGERKIND"},"content":{"rendered":"<p>Langarm-T-Shirt mit Seitenn\u00e4hten, 4-lagigem Rundhalsausschnitt und 1\u00d71 Rippb\u00fcndchen. Verst\u00e4rkte verdeckte N\u00e4hte an Kragen und Schultern.<br \/>Zusammensetzung: 100% Baumwolle, Single Jersey, 165 g\/m\u00b2.<br \/>Anmerkungen: *Abnehmbares Etikett.<br \/>\n*In Kindergr\u00f6\u00dfen erh\u00e4ltlich.<br \/><img decoding=\"async\" src=\"https:\/\/static.gorfactory.es\/pics\/measures\/CA_MC_HO.jpg\"><\/p>","protected":false},"excerpt":{"rendered":"<p>Long-sleeve t-shirt with side seams, 4-layer crew neck and 1&#215;1 ribbed cuffs. Reinforced covered seams in collar and shoulders.Composition: 100%<\/p>","protected":false},"featured_media":19815,"comment_status":"open","ping_status":"closed","template":"","meta":[],"product_cat":[462,460],"product_tag":[],"class_list":{"0":"post-19814","1":"product","2":"type-product","3":"status-publish","4":"has-post-thumbnail","6":"product_cat-cam_w","7":"product_cat-tee-shirts","9":"first","10":"instock","11":"shipping-taxable","12":"purchasable","13":"product-type-variable"},"_links":{"self":[{"href":"https:\/\/www.promotio.sk\/de\/wp-json\/wp\/v2\/product\/19814","targetHints":{"allow":["GET"]}}],"collection":[{"href":"https:\/\/www.promotio.sk\/de\/wp-json\/wp\/v2\/product"}],"about":[{"href":"https:\/\/www.promotio.sk\/de\/wp-json\/wp\/v2\/types\/product"}],"replies":[{"embeddable":true,"href":"https:\/\/www.promotio.sk\/de\/wp-json\/wp\/v2\/comments?post=19814"}],"wp:featuredmedia":[{"embeddable":true,"href":"https:\/\/www.promotio.sk\/de\/wp-json\/wp\/v2\/media\/19815"}],"wp:attachment":[{"href":"https:\/\/www.promotio.sk\/de\/wp-json\/wp\/v2\/media?parent=19814"}],"wp:term":[{"taxonomy":"product_cat","embeddable":true,"href":"https:\/\/www.promotio.sk\/de\/wp-json\/wp\/v2\/product_cat?post=19814"},{"taxonomy":"product_tag","embeddable":true,"href":"https:\/\/www.promotio.sk\/de\/wp-json\/wp\/v2\/product_tag?post=19814"}],"curies":[{"name":"wp","href":"https:\/\/api.w.org\/{rel}","templated":true}]}}