{"id":19609,"date":"2024-03-10T15:16:33","date_gmt":"2024-03-10T14:16:33","guid":{"rendered":"https:\/\/www.promotio.sk\/shop\/nezaraden\u00e9\/honey-l-s\/"},"modified":"2024-03-10T15:17:54","modified_gmt":"2024-03-10T14:17:54","slug":"honey-l-s","status":"publish","type":"product","link":"https:\/\/www.promotio.sk\/de\/shop\/promo-clothing\/tee-shirts\/cam_w\/honey-l-s\/","title":{"rendered":"HONIG L\/S"},"content":{"rendered":"<p>Lang\u00e4rmliger Single-Jersey-Body. Rundhalsausschnitt mit 1x1-Rippung. Druckknopfverschluss im Schritt. \u00dcberkreuzte Schulter\u00f6ffnung.<br \/>Zusammensetzung: 96% gek\u00e4mmte Baumwolle \/ 4% Elastan, 175 g\/m\u00b2. Single Jersey.<br \/>Anmerkungen: *Abnehmbares Etikett.<\/p>","protected":false},"excerpt":{"rendered":"<p>Long-sleeve single jersey bodysuit. 1&#215;1 ribbed crew neck. Snap button fastening in the crotch. Crossed shoulder opening.Composition: 96% combed cotton<\/p>","protected":false},"featured_media":19610,"comment_status":"open","ping_status":"closed","template":"","meta":[],"product_cat":[462,460],"product_tag":[],"class_list":{"0":"post-19609","1":"product","2":"type-product","3":"status-publish","4":"has-post-thumbnail","6":"product_cat-cam_w","7":"product_cat-tee-shirts","9":"first","10":"instock","11":"shipping-taxable","12":"purchasable","13":"product-type-variable"},"_links":{"self":[{"href":"https:\/\/www.promotio.sk\/de\/wp-json\/wp\/v2\/product\/19609","targetHints":{"allow":["GET"]}}],"collection":[{"href":"https:\/\/www.promotio.sk\/de\/wp-json\/wp\/v2\/product"}],"about":[{"href":"https:\/\/www.promotio.sk\/de\/wp-json\/wp\/v2\/types\/product"}],"replies":[{"embeddable":true,"href":"https:\/\/www.promotio.sk\/de\/wp-json\/wp\/v2\/comments?post=19609"}],"wp:featuredmedia":[{"embeddable":true,"href":"https:\/\/www.promotio.sk\/de\/wp-json\/wp\/v2\/media\/19610"}],"wp:attachment":[{"href":"https:\/\/www.promotio.sk\/de\/wp-json\/wp\/v2\/media?parent=19609"}],"wp:term":[{"taxonomy":"product_cat","embeddable":true,"href":"https:\/\/www.promotio.sk\/de\/wp-json\/wp\/v2\/product_cat?post=19609"},{"taxonomy":"product_tag","embeddable":true,"href":"https:\/\/www.promotio.sk\/de\/wp-json\/wp\/v2\/product_tag?post=19609"}],"curies":[{"name":"wp","href":"https:\/\/api.w.org\/{rel}","templated":true}]}}